{"id":2,"date":"2015-02-19T04:39:32","date_gmt":"2015-02-19T04:39:32","guid":{"rendered":"http:\/\/localhost:8080\/wordpress-4.1.1\/wordpress\/?page_id=2"},"modified":"2019-04-22T02:01:43","modified_gmt":"2019-04-22T02:01:43","slug":"wsko","status":"publish","type":"page","link":"https:\/\/www.shorinjikempo.or.jp\/es\/history\/wsko","title":{"rendered":"Historia de WSKO (World Shorinji Kempo Organization)"},"content":{"rendered":"<h1 class=\"business_title fs18 min\">Historia de WSKO (World Shorinji Kempo Organization)<\/h1>\n<div class=\"clearFix maT10\">\n<div class=\"grid_13 alpha fs14\">\n<div class=\"entry\">\n<p>Despu\u00e9s de la d\u00e9cada de 1960, muchas filiales (\u201cshibu\u201d) fueron establecidas sucesivamente a escala mundial. Los a\u00f1os de las fundaciones de filiales reconocidas (excluyendo en Jap\u00f3n, sin orden particular alguno)<\/p>\n<\/div>\n<h2 class=\"wskoh2\">D\u00e9cada de 1960<\/h2>\n<p>Mal\u00e1sia, Indonesia, Estados Unidos de Am\u00e9rica, Brasil<\/p>\n<h2 class=\"wskoh2\">D\u00e9cada de 1970<\/h2>\n<p>Suecia, Francia, Singapur, Espa\u00f1a, Finlandia, Nueva Zelanda, Inglaterra, Italia, Portugal, Alemania<\/p>\n<h2 class=\"wskoh2\">D\u00e9cada de 1980<\/h2>\n<p>Canad\u00e1,, Australia, Holanda, Suiza, Sri Lanka, India, Kenia<\/p>\n<h2 class=\"wskoh2\">D\u00e9cada de 1990<\/h2>\n<p>Rusia, Ucrania, Nepal, Tanzania, Vietnam<\/p>\n<h2 class=\"wskoh2\">D\u00e9cada posterior a 2000<\/h2>\n<p>Timor Este, Corea, L\u00edbano, Catar, Chile, Camboya, Brunei, Dar es Salaam, Laos, M\u00f3naco, B\u00e9lgica, Filipinas<\/p>\n<\/div>\n<div class=\"grid_4 omega\">\n<div class=\"alc maT30\"><img src=\"\/en\/wp-content\/themes\/unity\/images\/abt_pht01.png\" alt=\"\u5c11\u6797\u5bfa\u62f3\u6cd5unity\" \/><\/div>\n<\/div>\n<\/div>\n","protected":false},"excerpt":{"rendered":"<p>Historia de WSKO (World Shorinji Kempo Organization) Despu\u00e9s de la d\u00e9cada de 1960, muchas filiales (\u201cshibu\u201d) f [&hellip;]<\/p>\n","protected":false},"author":4,"featured_media":0,"parent":32,"menu_order":0,"comment_status":"open","ping_status":"closed","template":"","meta":[],"acf":[],"yoast_head":"<!-- This site is optimized with the Yoast SEO plugin v18.9 - https:\/\/yoast.com\/wordpress\/plugins\/seo\/ -->\n<title>Historia de WSKO (World Shorinji Kempo Organization) - Bienvenido al Shorinji Kempo - Espanol -<\/title>\n<meta name=\"robots\" content=\"index, follow, max-snippet:-1, max-image-preview:large, max-video-preview:-1\" \/>\n<link rel=\"canonical\" href=\"https:\/\/www.shorinjikempo.or.jp\/es\/history\/wsko\" \/>\n<meta property=\"og:locale\" content=\"ja_JP\" \/>\n<meta property=\"og:type\" content=\"article\" \/>\n<meta property=\"og:title\" content=\"Historia de WSKO (World Shorinji Kempo Organization) - Bienvenido al Shorinji Kempo - Espanol -\" \/>\n<meta property=\"og:description\" content=\"Historia de WSKO (World Shorinji Kempo Organization) Despu\u00e9s de la d\u00e9cada de 1960, muchas filiales (\u201cshibu\u201d) f [&hellip;]\" \/>\n<meta property=\"og:url\" content=\"https:\/\/www.shorinjikempo.or.jp\/es\/history\/wsko\" \/>\n<meta property=\"og:site_name\" content=\"Bienvenido al Shorinji Kempo - Espanol -\" \/>\n<meta property=\"article:modified_time\" content=\"2019-04-22T02:01:43+00:00\" \/>\n<meta name=\"twitter:label1\" content=\"\u63a8\u5b9a\u8aad\u307f\u53d6\u308a\u6642\u9593\" \/>\n\t<meta name=\"twitter:data1\" content=\"1\u5206\" \/>\n<script type=\"application\/ld+json\" class=\"yoast-schema-graph\">{\"@context\":\"https:\/\/schema.org\",\"@graph\":[{\"@type\":\"WebSite\",\"@id\":\"https:\/\/www.shorinjikempo.or.jp\/es\/#website\",\"url\":\"https:\/\/www.shorinjikempo.or.jp\/es\/\",\"name\":\"Bienvenido al Shorinji Kempo - Espanol -\",\"description\":\"\",\"potentialAction\":[{\"@type\":\"SearchAction\",\"target\":{\"@type\":\"EntryPoint\",\"urlTemplate\":\"https:\/\/www.shorinjikempo.or.jp\/es\/?s={search_term_string}\"},\"query-input\":\"required name=search_term_string\"}],\"inLanguage\":\"ja\"},{\"@type\":\"WebPage\",\"@id\":\"https:\/\/www.shorinjikempo.or.jp\/es\/history\/wsko#webpage\",\"url\":\"https:\/\/www.shorinjikempo.or.jp\/es\/history\/wsko\",\"name\":\"Historia de WSKO (World Shorinji Kempo Organization) - Bienvenido al Shorinji Kempo - Espanol -\",\"isPartOf\":{\"@id\":\"https:\/\/www.shorinjikempo.or.jp\/es\/#website\"},\"datePublished\":\"2015-02-19T04:39:32+00:00\",\"dateModified\":\"2019-04-22T02:01:43+00:00\",\"breadcrumb\":{\"@id\":\"https:\/\/www.shorinjikempo.or.jp\/es\/history\/wsko#breadcrumb\"},\"inLanguage\":\"ja\",\"potentialAction\":[{\"@type\":\"ReadAction\",\"target\":[\"https:\/\/www.shorinjikempo.or.jp\/es\/history\/wsko\"]}]},{\"@type\":\"BreadcrumbList\",\"@id\":\"https:\/\/www.shorinjikempo.or.jp\/es\/history\/wsko#breadcrumb\",\"itemListElement\":[{\"@type\":\"ListItem\",\"position\":1,\"name\":\"\u30db\u30fc\u30e0\",\"item\":\"https:\/\/www.shorinjikempo.or.jp\/es\"},{\"@type\":\"ListItem\",\"position\":2,\"name\":\"Historia del Shorinji Kempo\",\"item\":\"https:\/\/www.shorinjikempo.or.jp\/es\/history\"},{\"@type\":\"ListItem\",\"position\":3,\"name\":\"Historia de WSKO (World Shorinji Kempo Organization)\"}]}]}<\/script>\n<!-- \/ Yoast SEO plugin. -->","yoast_head_json":{"title":"Historia de WSKO (World Shorinji Kempo Organization) - Bienvenido al Shorinji Kempo - Espanol -","robots":{"index":"index","follow":"follow","max-snippet":"max-snippet:-1","max-image-preview":"max-image-preview:large","max-video-preview":"max-video-preview:-1"},"canonical":"https:\/\/www.shorinjikempo.or.jp\/es\/history\/wsko","og_locale":"ja_JP","og_type":"article","og_title":"Historia de WSKO (World Shorinji Kempo Organization) - Bienvenido al Shorinji Kempo - Espanol -","og_description":"Historia de WSKO (World Shorinji Kempo Organization) Despu\u00e9s de la d\u00e9cada de 1960, muchas filiales (\u201cshibu\u201d) f [&hellip;]","og_url":"https:\/\/www.shorinjikempo.or.jp\/es\/history\/wsko","og_site_name":"Bienvenido al Shorinji Kempo - Espanol -","article_modified_time":"2019-04-22T02:01:43+00:00","twitter_misc":{"\u63a8\u5b9a\u8aad\u307f\u53d6\u308a\u6642\u9593":"1\u5206"},"schema":{"@context":"https:\/\/schema.org","@graph":[{"@type":"WebSite","@id":"https:\/\/www.shorinjikempo.or.jp\/es\/#website","url":"https:\/\/www.shorinjikempo.or.jp\/es\/","name":"Bienvenido al Shorinji Kempo - Espanol -","description":"","potentialAction":[{"@type":"SearchAction","target":{"@type":"EntryPoint","urlTemplate":"https:\/\/www.shorinjikempo.or.jp\/es\/?s={search_term_string}"},"query-input":"required name=search_term_string"}],"inLanguage":"ja"},{"@type":"WebPage","@id":"https:\/\/www.shorinjikempo.or.jp\/es\/history\/wsko#webpage","url":"https:\/\/www.shorinjikempo.or.jp\/es\/history\/wsko","name":"Historia de WSKO (World Shorinji Kempo Organization) - Bienvenido al Shorinji Kempo - Espanol -","isPartOf":{"@id":"https:\/\/www.shorinjikempo.or.jp\/es\/#website"},"datePublished":"2015-02-19T04:39:32+00:00","dateModified":"2019-04-22T02:01:43+00:00","breadcrumb":{"@id":"https:\/\/www.shorinjikempo.or.jp\/es\/history\/wsko#breadcrumb"},"inLanguage":"ja","potentialAction":[{"@type":"ReadAction","target":["https:\/\/www.shorinjikempo.or.jp\/es\/history\/wsko"]}]},{"@type":"BreadcrumbList","@id":"https:\/\/www.shorinjikempo.or.jp\/es\/history\/wsko#breadcrumb","itemListElement":[{"@type":"ListItem","position":1,"name":"\u30db\u30fc\u30e0","item":"https:\/\/www.shorinjikempo.or.jp\/es"},{"@type":"ListItem","position":2,"name":"Historia del Shorinji Kempo","item":"https:\/\/www.shorinjikempo.or.jp\/es\/history"},{"@type":"ListItem","position":3,"name":"Historia de WSKO (World Shorinji Kempo Organization)"}]}]}},"_links":{"self":[{"href":"https:\/\/www.shorinjikempo.or.jp\/es\/wp-json\/wp\/v2\/pages\/2"}],"collection":[{"href":"https:\/\/www.shorinjikempo.or.jp\/es\/wp-json\/wp\/v2\/pages"}],"about":[{"href":"https:\/\/www.shorinjikempo.or.jp\/es\/wp-json\/wp\/v2\/types\/page"}],"author":[{"embeddable":true,"href":"https:\/\/www.shorinjikempo.or.jp\/es\/wp-json\/wp\/v2\/users\/4"}],"replies":[{"embeddable":true,"href":"https:\/\/www.shorinjikempo.or.jp\/es\/wp-json\/wp\/v2\/comments?post=2"}],"version-history":[{"count":9,"href":"https:\/\/www.shorinjikempo.or.jp\/es\/wp-json\/wp\/v2\/pages\/2\/revisions"}],"predecessor-version":[{"id":163,"href":"https:\/\/www.shorinjikempo.or.jp\/es\/wp-json\/wp\/v2\/pages\/2\/revisions\/163"}],"up":[{"embeddable":true,"href":"https:\/\/www.shorinjikempo.or.jp\/es\/wp-json\/wp\/v2\/pages\/32"}],"wp:attachment":[{"href":"https:\/\/www.shorinjikempo.or.jp\/es\/wp-json\/wp\/v2\/media?parent=2"}],"curies":[{"name":"wp","href":"https:\/\/api.w.org\/{rel}","templated":true}]}}