{"id":32,"date":"2015-03-06T11:09:24","date_gmt":"2015-03-06T11:09:24","guid":{"rendered":"http:\/\/shorinjikempo.or.jp\/es\/?page_id=32"},"modified":"2019-04-22T01:51:07","modified_gmt":"2019-04-22T01:51:07","slug":"history","status":"publish","type":"page","link":"https:\/\/www.shorinjikempo.or.jp\/es\/history","title":{"rendered":"Historia del Shorinji Kempo"},"content":{"rendered":"<h1 class=\"business_title fs18 min\"><span class=\"border_white\">Historia del Shorinji Kempo<\/span><\/h1>\n<div class=\"maT30\">\n<div class=\"clearFix maT10\">\n<div class=\"grid_11 alpha entry fs14\">\n<p>Presentamos algunos episodios relevantes en la historia del Shorinji Kempo<br \/>\nNueva t\u00e9cnica de educaci\u00f3n. El nacimiento del Shorinji Kempo.<\/p>\n<p>Despu\u00e9s la segunda guerra mundial (1945) en Jap\u00f3n, So Doshin estuvo preocupado por la situaci\u00f3n de la \u00e9poca.<\/p>\n<p>Como un resultado lastimoso de la guerra, la tierra y el esp\u00edritu de los pueblos japoneses estaban en ruinas. \u00bfC\u00f3mo podremos recuperarlo? \u2026\u2026 \u00bfqu\u00e9 es lo que yo puedo hacer?<\/p>\n<p>So Doshin determino su pensamiento: \u201cSon los j\u00f3venes que reciben la educaci\u00f3n apropiada los que podr\u00e1n reconstruir el futuro de la naci\u00f3n\u201d.<\/p>\n<p>Sin embargo, los pueblos no mostraban el inter\u00e9s que esperaba sobre las actividades y las explicaciones.<\/p>\n<p>So Doshin se preocup\u00f3 mucho. En el medio de las preocupaciones, una noche so\u00f1\u00f3 y fue sorprendido.<\/p>\n<p>El sue\u00f1o que vio&#8230;.fue este: \u201capareci\u00f3 Buda (Daruma) y So Doshin quiso seguirle, pero Daruma le dej\u00f3 mostrando su espalda&#8230;\u201d.<\/p>\n<p>Cuando So Doshin revivi\u00f3 el sue\u00f1o, el record\u00f3 una pintura de un fresco en el templo de China que \u00e9l personalmente vio. En esta pintura aparecen dos monjes budistas practicando un m\u00e9todo ense\u00f1ado por Buda Daruma. La pintura muestra como dos monjes budistas hind\u00fa y chino forman un grupo y practican alegremente un arte marcial.<\/p>\n<p>So Doshin entendi\u00f3 que en a educaci\u00f3n de los j\u00f3venes que constituir\u00e1n el futuro de la naci\u00f3n, \u00fanicamente la educaci\u00f3n espiritual es insuficiente. Se dio cuenta de la necesidad de sistematizar del entrenamientos en artes marciales orientales tales como Bujutsu, Budo, de una forma m\u00e1s comprensible. Es a trav\u00e9s de esta sistematizaci\u00f3n de entrenamientos de artes marciales, que los j\u00f3venes pueden aprender por s\u00ed mismos tambi\u00e9n la educaci\u00f3n moral. Esto es la concepci\u00f3n del m\u00e9todo de educaci\u00f3n sistematizado, uniendo la mente y el esp\u00edritu que es el \u201cShorinji Kempo\u201d.<\/p>\n<p>Fue en el a\u00f1o 1947, So Doshin ten\u00eda 36 a\u00f1os.<\/p>\n<p>Amar a la patria, no solamente por Jap\u00f3n, sino para la paz mundial.<\/p>\n<p>La concepci\u00f3n del Shorinji Kempo idealizado por Kaiso So Doshin, como una \u00fanica t\u00e9cnica, capt\u00f3 los corazones de los j\u00f3venes japoneses y en solo 10 a\u00f1os se propag por todo Jap\u00f3n.<\/p>\n<p>La preocupaci\u00f3n sobre el futuro de la patria, traspas\u00f3 las fronteras y el pensamiento sobre la necesidad de educar a los j\u00f3venes que heredar\u00e1n nuestros conocimientos, quedando como un pensamiento com\u00fan para todo el mundo. Los j\u00f3venes que inspiran la simpat\u00eda y concordancia con la filosof\u00eda de So Doshin, estudian Shorinji Kempo en Jap\u00f3n y comienzan a expandirlo en el exterior.<\/p>\n<p>En el a\u00f1o 1972, el n\u00famero de pa\u00edses que difunden el Shorinji Kempo pasaron a 36 pa\u00edses, y con esta situaci\u00f3n, form\u00f3 una organizaci\u00f3n mundial, la Federaci\u00f3n Internacional de Shorinji Kempo.<\/p>\n<p>En el a\u00f1o 1976, se inici\u00f3 una nueva organizaci\u00f3n denominada \u201cUni\u00f3n Internacional de Shorinji Kempo\u201d.<\/p>\n<p>Desde 1985, se realiza cada 4 a\u00f1os, un Congreso Internacional.<\/p>\n<p>Como prueba de la armonia, todos llevan el s\u00edmbolo So-En.<\/p>\n<p>La marca simb\u00f3lica del Shorinji Kempo, representada con dos c\u00edrculos entrelazados, que expresa cuatro lados, los escudos indican la uni\u00f3n de los compa\u00f1eros.<\/p>\n<p>Esta marca fue oficialmente registrada en el a\u00f1o 2005, conjuntamente con la marca logo original, como marca com\u00fan para todos los pa\u00edses.<\/p>\n<p>La marca simb\u00f3lica o marca logo del Shorinji Kempo, revela nuestro pensamiento de lo que constituye el mundo, los diferentes fen\u00f3menos ayudan mutuamente, en armon\u00eda y con la base de esta filosof\u00eda, comprometiendo las actividades con un mismo nivel para todos los trabajos.<\/p>\n<p>Los usos de la marca logo fueron autorizados solamente para los grupos y l\u00edderes aprobados en los ex\u00e1menes de la matriz Hombu.<\/p>\n<p>Cualquier persona puede llegar. Un sistema de calificaci\u00f3n y un curr\u00edculo en com\u00fan para todo mundo.<\/p>\n<p>Como una de las capacidades previas de So Doshin, podemos citar que el Shorinji Kempo desde su fundaci\u00f3n, pose\u00eda un curr\u00edculo particular idealizado por \u00e9l.<\/p>\n<p>En la d\u00e9cada de 1940, el mundo de las artes marciales, generalmente se ense\u00f1aban las t\u00e9cnicas verbalmente. Los costes de impresi\u00f3n eran elevados y por lo tanto no fueron divulgadas, pero So Doshin imprimi\u00f3 el curr\u00edculo en papel y lo distribuy\u00f3 para todos los Kenshis.<\/p>\n<p>A Lista de disciplinas determinada por So Doshin, se suceden las mejoras. Para los pa\u00edses donde se practica Shorinji Kempo, figuran traducidos en cada lengua local, por consiguiente podemos continuar las pr\u00e1cticas \u201cShugyo\u201d.<\/p>\n<p>El curr\u00edculo del Shorinji Kempo, comienza con t\u00e9cnicas f\u00e1ciles y b\u00e1sicas de aprender, posteriormente se van complicando. Como un punto de referencia, pudiendo desafiar el examen de graduaci\u00f3n.<\/p>\n<p>El criterio del examen y la cualificaci\u00f3n de los examinadores son unificados universalmente, y los resultados de las ex\u00e1menes rigurosamente controlados por la Matriz del Jap\u00f3n (Hombu). Por lo tanto, todas las cualificaciones oficiales son v\u00e1lidas en todo el mundo.<\/p>\n<p>Quienes resulten aprobados en los ex\u00e1menes de calificaci\u00f3n, el (la) Shike del Shorinji Kempo que sucede la tradici\u00f3n de So Doshin, expide el certificado de Aprobaci\u00f3n.<\/p>\n<\/div>\n<div class=\"grid_6 omega\">\n<div><img src=\"\/en\/wp-content\/themes\/unity\/images\/history_pht01.jpg\" alt=\"\" \/><\/div>\n<p class=\"alc maT5\">\u4e2d\u56fd\u3067\u898b\u305f\u58c1\u753b<\/p>\n<div class=\"maT20\"><img src=\"\/en\/wp-content\/themes\/unity\/images\/history_pht02.jpg\" alt=\"\" \/><\/div>\n<div class=\"maT50\"><img src=\"\/en\/wp-content\/themes\/unity\/images\/history_pht03.jpg\" alt=\"\" \/><\/div>\n<div class=\"maT50\"><img src=\"\/en\/wp-content\/themes\/unity\/images\/history_pht04.jpg\" alt=\"\" \/><\/div>\n<div class=\"maT50\"><img src=\"\/en\/wp-content\/themes\/unity\/images\/history_pht05.jpg\" alt=\"\" \/><\/div>\n<p class=\"maT5 alc\">\u5c11\u6797\u5bfa\u62f3\u6cd5\u306e\u30b7\u30f3\u30dc\u30eb\u30de\u30fc\u30af<\/p>\n<div class=\"maT20\"><img src=\"\/en\/wp-content\/themes\/unity\/images\/history_pht06.jpg\" alt=\"\" \/><\/div>\n<div class=\"maT50\"><img src=\"\/en\/wp-content\/themes\/unity\/images\/history_pht07.jpg\" alt=\"\" \/><\/div>\n<p class=\"maT5 alc\">\u4e16\u754c\u5171\u901a\u306e\u30ab\u30ea\u30ad\u30e5\u30e9\u30e0<\/p>\n<div class=\"maT20\"><img src=\"\/en\/wp-content\/themes\/unity\/images\/history_pht08.jpg\" alt=\"\" \/><\/div>\n<p class=\"maT5 alc\">\u5c11\u6797\u5bfa\u62f3\u6cd5\u8aad\u672c<\/p>\n<div class=\"maT20\"><img src=\"\/en\/wp-content\/themes\/unity\/images\/history_pht09.jpg\" alt=\"\" \/><\/div>\n<\/div>\n<\/div>\n<\/div>\n","protected":false},"excerpt":{"rendered":"<p>Historia del Shorinji Kempo Presentamos algunos episodios relevantes en la historia del Shorinji Kempo Nueva t [&hellip;]<\/p>\n","protected":false},"author":4,"featured_media":0,"parent":0,"menu_order":0,"comment_status":"open","ping_status":"closed","template":"","meta":[],"acf":[],"yoast_head":"<!-- This site is optimized with the Yoast SEO plugin v18.9 - https:\/\/yoast.com\/wordpress\/plugins\/seo\/ -->\n<title>Historia del Shorinji Kempo - Bienvenido al Shorinji Kempo - Espanol -<\/title>\n<meta name=\"robots\" content=\"index, follow, max-snippet:-1, max-image-preview:large, max-video-preview:-1\" \/>\n<link rel=\"canonical\" href=\"https:\/\/www.shorinjikempo.or.jp\/es\/history\" \/>\n<meta property=\"og:locale\" content=\"ja_JP\" \/>\n<meta property=\"og:type\" content=\"article\" \/>\n<meta property=\"og:title\" content=\"Historia del Shorinji Kempo - Bienvenido al Shorinji Kempo - Espanol -\" \/>\n<meta property=\"og:description\" content=\"Historia del Shorinji Kempo Presentamos algunos episodios relevantes en la historia del Shorinji Kempo Nueva t [&hellip;]\" \/>\n<meta property=\"og:url\" content=\"https:\/\/www.shorinjikempo.or.jp\/es\/history\" \/>\n<meta property=\"og:site_name\" content=\"Bienvenido al Shorinji Kempo - Espanol -\" \/>\n<meta property=\"article:modified_time\" content=\"2019-04-22T01:51:07+00:00\" \/>\n<meta name=\"twitter:label1\" content=\"\u63a8\u5b9a\u8aad\u307f\u53d6\u308a\u6642\u9593\" \/>\n\t<meta name=\"twitter:data1\" content=\"4\u5206\" \/>\n<script type=\"application\/ld+json\" class=\"yoast-schema-graph\">{\"@context\":\"https:\/\/schema.org\",\"@graph\":[{\"@type\":\"WebSite\",\"@id\":\"https:\/\/www.shorinjikempo.or.jp\/es\/#website\",\"url\":\"https:\/\/www.shorinjikempo.or.jp\/es\/\",\"name\":\"Bienvenido al Shorinji Kempo - Espanol -\",\"description\":\"\",\"potentialAction\":[{\"@type\":\"SearchAction\",\"target\":{\"@type\":\"EntryPoint\",\"urlTemplate\":\"https:\/\/www.shorinjikempo.or.jp\/es\/?s={search_term_string}\"},\"query-input\":\"required name=search_term_string\"}],\"inLanguage\":\"ja\"},{\"@type\":\"WebPage\",\"@id\":\"https:\/\/www.shorinjikempo.or.jp\/es\/history#webpage\",\"url\":\"https:\/\/www.shorinjikempo.or.jp\/es\/history\",\"name\":\"Historia del Shorinji Kempo - Bienvenido al Shorinji Kempo - Espanol -\",\"isPartOf\":{\"@id\":\"https:\/\/www.shorinjikempo.or.jp\/es\/#website\"},\"datePublished\":\"2015-03-06T11:09:24+00:00\",\"dateModified\":\"2019-04-22T01:51:07+00:00\",\"breadcrumb\":{\"@id\":\"https:\/\/www.shorinjikempo.or.jp\/es\/history#breadcrumb\"},\"inLanguage\":\"ja\",\"potentialAction\":[{\"@type\":\"ReadAction\",\"target\":[\"https:\/\/www.shorinjikempo.or.jp\/es\/history\"]}]},{\"@type\":\"BreadcrumbList\",\"@id\":\"https:\/\/www.shorinjikempo.or.jp\/es\/history#breadcrumb\",\"itemListElement\":[{\"@type\":\"ListItem\",\"position\":1,\"name\":\"\u30db\u30fc\u30e0\",\"item\":\"https:\/\/www.shorinjikempo.or.jp\/es\"},{\"@type\":\"ListItem\",\"position\":2,\"name\":\"Historia del Shorinji Kempo\"}]}]}<\/script>\n<!-- \/ Yoast SEO plugin. -->","yoast_head_json":{"title":"Historia del Shorinji Kempo - Bienvenido al Shorinji Kempo - Espanol -","robots":{"index":"index","follow":"follow","max-snippet":"max-snippet:-1","max-image-preview":"max-image-preview:large","max-video-preview":"max-video-preview:-1"},"canonical":"https:\/\/www.shorinjikempo.or.jp\/es\/history","og_locale":"ja_JP","og_type":"article","og_title":"Historia del Shorinji Kempo - Bienvenido al Shorinji Kempo - Espanol -","og_description":"Historia del Shorinji Kempo Presentamos algunos episodios relevantes en la historia del Shorinji Kempo Nueva t [&hellip;]","og_url":"https:\/\/www.shorinjikempo.or.jp\/es\/history","og_site_name":"Bienvenido al Shorinji Kempo - Espanol -","article_modified_time":"2019-04-22T01:51:07+00:00","twitter_misc":{"\u63a8\u5b9a\u8aad\u307f\u53d6\u308a\u6642\u9593":"4\u5206"},"schema":{"@context":"https:\/\/schema.org","@graph":[{"@type":"WebSite","@id":"https:\/\/www.shorinjikempo.or.jp\/es\/#website","url":"https:\/\/www.shorinjikempo.or.jp\/es\/","name":"Bienvenido al Shorinji Kempo - Espanol -","description":"","potentialAction":[{"@type":"SearchAction","target":{"@type":"EntryPoint","urlTemplate":"https:\/\/www.shorinjikempo.or.jp\/es\/?s={search_term_string}"},"query-input":"required name=search_term_string"}],"inLanguage":"ja"},{"@type":"WebPage","@id":"https:\/\/www.shorinjikempo.or.jp\/es\/history#webpage","url":"https:\/\/www.shorinjikempo.or.jp\/es\/history","name":"Historia del Shorinji Kempo - Bienvenido al Shorinji Kempo - Espanol -","isPartOf":{"@id":"https:\/\/www.shorinjikempo.or.jp\/es\/#website"},"datePublished":"2015-03-06T11:09:24+00:00","dateModified":"2019-04-22T01:51:07+00:00","breadcrumb":{"@id":"https:\/\/www.shorinjikempo.or.jp\/es\/history#breadcrumb"},"inLanguage":"ja","potentialAction":[{"@type":"ReadAction","target":["https:\/\/www.shorinjikempo.or.jp\/es\/history"]}]},{"@type":"BreadcrumbList","@id":"https:\/\/www.shorinjikempo.or.jp\/es\/history#breadcrumb","itemListElement":[{"@type":"ListItem","position":1,"name":"\u30db\u30fc\u30e0","item":"https:\/\/www.shorinjikempo.or.jp\/es"},{"@type":"ListItem","position":2,"name":"Historia del Shorinji Kempo"}]}]}},"_links":{"self":[{"href":"https:\/\/www.shorinjikempo.or.jp\/es\/wp-json\/wp\/v2\/pages\/32"}],"collection":[{"href":"https:\/\/www.shorinjikempo.or.jp\/es\/wp-json\/wp\/v2\/pages"}],"about":[{"href":"https:\/\/www.shorinjikempo.or.jp\/es\/wp-json\/wp\/v2\/types\/page"}],"author":[{"embeddable":true,"href":"https:\/\/www.shorinjikempo.or.jp\/es\/wp-json\/wp\/v2\/users\/4"}],"replies":[{"embeddable":true,"href":"https:\/\/www.shorinjikempo.or.jp\/es\/wp-json\/wp\/v2\/comments?post=32"}],"version-history":[{"count":9,"href":"https:\/\/www.shorinjikempo.or.jp\/es\/wp-json\/wp\/v2\/pages\/32\/revisions"}],"predecessor-version":[{"id":161,"href":"https:\/\/www.shorinjikempo.or.jp\/es\/wp-json\/wp\/v2\/pages\/32\/revisions\/161"}],"wp:attachment":[{"href":"https:\/\/www.shorinjikempo.or.jp\/es\/wp-json\/wp\/v2\/media?parent=32"}],"curies":[{"name":"wp","href":"https:\/\/api.w.org\/{rel}","templated":true}]}}