{"id":36,"date":"2015-03-06T11:18:35","date_gmt":"2015-03-06T11:18:35","guid":{"rendered":"http:\/\/shorinjikempo.or.jp\/es\/?page_id=36"},"modified":"2019-04-22T01:47:44","modified_gmt":"2019-04-22T01:47:44","slug":"intellectual","status":"publish","type":"page","link":"https:\/\/www.shorinjikempo.or.jp\/es\/intellectual","title":{"rendered":"Protecci\u00f3n de la propiedad intelectual"},"content":{"rendered":"<h1 class=\"business_title fs18 min\"><span class=\"border_white\">Protecci\u00f3n de la propiedad intelectual<\/span><\/h1>\n<div class=\"maT30\">\n<h2 id=\"p1\" class=\"fs18 min bold\">\u00bfQui\u00e9n es el l\u00edder?<\/h2>\n<div class=\"clearFix maT10\">\n<div class=\"grid_13 alpha fs14 entry\">\n<p>Para los l\u00edderes del Shorinji Kempo, las actividades de instrucci\u00f3n no son un medio de ganarse la vida.<\/p>\n<p>Las actividades de instrucci\u00f3n son mucho m\u00e1s valiosa, en comparaci\u00f3n con un medio para ganarse la vida, pues las actividades proceden de motivos venerables, y los l\u00edderes de todos los pa\u00edses deben ponerse en acci\u00f3n.<\/p>\n<p>Estos motivos podemos expresarlos de varias maneras, todas son correctas; la finalidad de la vida, el signi\ufb01cado de la vida, aspiraciones, sue\u00f1os, metas, etc. todos ellos son correctos. Despu\u00e9s, lo que suscit\u00f3 el esp\u00edritu de los l\u00edderes, es justamente las ense\u00f1anzas filos\u00f3ficas y t\u00e9cnicas que dej\u00f3 el fundador So Doshin.<br \/>\n\u201cConsolidarse en uno mismo\u201d es lo que expresa claramente la ense\u00f1anza del Shorinji Kempo, quien aspira a ser \u201cl\u00edder\u201d tiene que comenzar con la preparaci\u00f3n de la condici\u00f3n de su propia vida, incluyendo los medios de subsistencia.<\/p>\n<p>Despu\u00e9s de muchos esfuerzos y empe\u00f1os, el l\u00edder consigue la experiencia para poder mirar a los otros, y con el examen de la Sede (Hombu), que eval\u00faa rigurosamente la personalidad, las dotes de mando y los conocimientos te\u00f3rico-pr\u00e1cticos. Despu\u00e9s esta fase, el l\u00edder puede comenzar sus actividades pr\u00e1cticas del Shorinji Kempo \u201ccoexistencia mutua\u201d.<\/p>\n<p>Los l\u00edderes activos hoy en d\u00eda, todos con el fundamento de su propio objetivo, aplicando las actividades diarias de difusi\u00f3n del Shorinji Kempo, con las caras sonrientes de los Kenshis, los miembros de su familia y de sus amigos, se ganan la vida diaria trabajando dentro de los dramas cotidianos, con los contactos de coraz\u00f3n a coraz\u00f3n.<\/p>\n<\/div>\n<div class=\"grid_4 omega\">\n<div class=\"alc\"><img src=\"\/en\/wp-content\/themes\/unity\/images\/abt_pht01.png\" alt=\"\u5c11\u6797\u5bfa\u62f3\u6cd5unity\" \/><\/div>\n<\/div>\n<\/div>\n<\/div>\n<div class=\"maT50\">\n<h2 id=\"p2\" class=\"fs18 min bold\">\u00bfQu\u00e9 es la secci\u00f3n? (\u201cShibu\u201d)<\/h2>\n<div class=\"clearFix maT10\">\n<div class=\"grid_12 alpha fs14 entry\">\n<p>Indica el lugar donde realizamos los entrenamientos de Shorinji Kempo. La persona responsable se llama jefe de secci\u00f3n o \u201cShibucho\u201d, quien solamente puede ejercer este cargo, despu\u00e9s de concluir y aprobar la formaci\u00f3n siendo delegado por WSKO.<\/p>\n<p>Entrenamiento, destinado a aprender las habilidades t\u00e9cnicas necesarias, conforme a lo estipulado. Las materias ser\u00e1n orientadas de acuerdo con los objetivos y necesidades personales.<\/p>\n<p>Adem\u00e1s de los entrenamientos b\u00e1sicos originales, tambi\u00e9n se orientara a las secciones sobre como aclarar y mantener el esp\u00edritu y los valores.<\/p>\n<p>Los costes de administraci\u00f3n, ser\u00e1n costeados mediante las cuotas de los socios (miembros) y ser\u00e1n publicadas a los socios a trav\u00e9s de un balance de cuentas.<\/p>\n<\/div>\n<div class=\"grid_5 omega\"><\/div>\n<\/div>\n<\/div>\n<div class=\"maT50\">\n<h2 id=\"p3\" class=\"fs18 min bold\">\u00bfQu\u00e9 es la Federaci\u00f3n?<\/h2>\n<div class=\"clearFix maT10\">\n<div class=\"grid_12 alpha fs14 entry\">\n<p>Es un grupo responsable de administrar todas las filiales o secciones que pertenecen a la Federaci\u00f3n. Contando con la autorizaci\u00f3n (reconocimiento) del Consejo de Administraci\u00f3n de WSKO, y ser\u00e1 registrado como un miembro (grupo de los miembros) oficial de WSKO.<\/p>\n<p>Su objeto traspasa el l\u00edmite de las secciones, teniendo como misi\u00f3n la solidaridad y la cooperaci\u00f3n, realizando cursos, entrenamientos, y congresos (taikai) en cada pa\u00eds.<\/p>\n<\/div>\n<div class=\"grid_5 omega\"><\/div>\n<\/div>\n<\/div>\n<div class=\"maT50\">\n<h2 id=\"p4\" class=\"fs18 min bold\">Sobre la aprobaci\u00f3n.<\/h2>\n<div class=\"clearFix maT10\">\n<div class=\"grid_12 alpha fs14 entry\">\n<p>Por principio, el Presidente de la Federaci\u00f3n y el jefe de secci\u00f3n, est\u00e1n autorizados por WSKO, a defender el nivel establecido, unidos para desarrollar el progreso social.<\/p>\n<\/div>\n<div class=\"grid_5 omega\"><\/div>\n<\/div>\n<\/div>\n","protected":false},"excerpt":{"rendered":"<p>Protecci\u00f3n de la propiedad intelectual \u00bfQui\u00e9n es el l\u00edder? Para los l\u00edderes del Shorinji Kempo, las actividade [&hellip;]<\/p>\n","protected":false},"author":4,"featured_media":0,"parent":0,"menu_order":0,"comment_status":"open","ping_status":"open","template":"","meta":[],"acf":[],"yoast_head":"<!-- This site is optimized with the Yoast SEO plugin v18.9 - https:\/\/yoast.com\/wordpress\/plugins\/seo\/ -->\n<title>Protecci\u00f3n de la propiedad intelectual - Bienvenido al Shorinji Kempo - Espanol -<\/title>\n<meta name=\"robots\" content=\"index, follow, max-snippet:-1, max-image-preview:large, max-video-preview:-1\" \/>\n<link rel=\"canonical\" href=\"https:\/\/www.shorinjikempo.or.jp\/es\/intellectual\" \/>\n<meta property=\"og:locale\" content=\"ja_JP\" \/>\n<meta property=\"og:type\" content=\"article\" \/>\n<meta property=\"og:title\" content=\"Protecci\u00f3n de la propiedad intelectual - Bienvenido al Shorinji Kempo - Espanol -\" \/>\n<meta property=\"og:description\" content=\"Protecci\u00f3n de la propiedad intelectual \u00bfQui\u00e9n es el l\u00edder? Para los l\u00edderes del Shorinji Kempo, las actividade [&hellip;]\" \/>\n<meta property=\"og:url\" content=\"https:\/\/www.shorinjikempo.or.jp\/es\/intellectual\" \/>\n<meta property=\"og:site_name\" content=\"Bienvenido al Shorinji Kempo - Espanol -\" \/>\n<meta property=\"article:modified_time\" content=\"2019-04-22T01:47:44+00:00\" \/>\n<meta name=\"twitter:label1\" content=\"\u63a8\u5b9a\u8aad\u307f\u53d6\u308a\u6642\u9593\" \/>\n\t<meta name=\"twitter:data1\" content=\"3\u5206\" \/>\n<script type=\"application\/ld+json\" class=\"yoast-schema-graph\">{\"@context\":\"https:\/\/schema.org\",\"@graph\":[{\"@type\":\"WebSite\",\"@id\":\"https:\/\/www.shorinjikempo.or.jp\/es\/#website\",\"url\":\"https:\/\/www.shorinjikempo.or.jp\/es\/\",\"name\":\"Bienvenido al Shorinji Kempo - Espanol -\",\"description\":\"\",\"potentialAction\":[{\"@type\":\"SearchAction\",\"target\":{\"@type\":\"EntryPoint\",\"urlTemplate\":\"https:\/\/www.shorinjikempo.or.jp\/es\/?s={search_term_string}\"},\"query-input\":\"required name=search_term_string\"}],\"inLanguage\":\"ja\"},{\"@type\":\"WebPage\",\"@id\":\"https:\/\/www.shorinjikempo.or.jp\/es\/intellectual#webpage\",\"url\":\"https:\/\/www.shorinjikempo.or.jp\/es\/intellectual\",\"name\":\"Protecci\u00f3n de la propiedad intelectual - Bienvenido al Shorinji Kempo - Espanol -\",\"isPartOf\":{\"@id\":\"https:\/\/www.shorinjikempo.or.jp\/es\/#website\"},\"datePublished\":\"2015-03-06T11:18:35+00:00\",\"dateModified\":\"2019-04-22T01:47:44+00:00\",\"breadcrumb\":{\"@id\":\"https:\/\/www.shorinjikempo.or.jp\/es\/intellectual#breadcrumb\"},\"inLanguage\":\"ja\",\"potentialAction\":[{\"@type\":\"ReadAction\",\"target\":[\"https:\/\/www.shorinjikempo.or.jp\/es\/intellectual\"]}]},{\"@type\":\"BreadcrumbList\",\"@id\":\"https:\/\/www.shorinjikempo.or.jp\/es\/intellectual#breadcrumb\",\"itemListElement\":[{\"@type\":\"ListItem\",\"position\":1,\"name\":\"\u30db\u30fc\u30e0\",\"item\":\"https:\/\/www.shorinjikempo.or.jp\/es\"},{\"@type\":\"ListItem\",\"position\":2,\"name\":\"Protecci\u00f3n de la propiedad intelectual\"}]}]}<\/script>\n<!-- \/ Yoast SEO plugin. -->","yoast_head_json":{"title":"Protecci\u00f3n de la propiedad intelectual - Bienvenido al Shorinji Kempo - Espanol -","robots":{"index":"index","follow":"follow","max-snippet":"max-snippet:-1","max-image-preview":"max-image-preview:large","max-video-preview":"max-video-preview:-1"},"canonical":"https:\/\/www.shorinjikempo.or.jp\/es\/intellectual","og_locale":"ja_JP","og_type":"article","og_title":"Protecci\u00f3n de la propiedad intelectual - Bienvenido al Shorinji Kempo - Espanol -","og_description":"Protecci\u00f3n de la propiedad intelectual \u00bfQui\u00e9n es el l\u00edder? Para los l\u00edderes del Shorinji Kempo, las actividade [&hellip;]","og_url":"https:\/\/www.shorinjikempo.or.jp\/es\/intellectual","og_site_name":"Bienvenido al Shorinji Kempo - Espanol -","article_modified_time":"2019-04-22T01:47:44+00:00","twitter_misc":{"\u63a8\u5b9a\u8aad\u307f\u53d6\u308a\u6642\u9593":"3\u5206"},"schema":{"@context":"https:\/\/schema.org","@graph":[{"@type":"WebSite","@id":"https:\/\/www.shorinjikempo.or.jp\/es\/#website","url":"https:\/\/www.shorinjikempo.or.jp\/es\/","name":"Bienvenido al Shorinji Kempo - Espanol -","description":"","potentialAction":[{"@type":"SearchAction","target":{"@type":"EntryPoint","urlTemplate":"https:\/\/www.shorinjikempo.or.jp\/es\/?s={search_term_string}"},"query-input":"required name=search_term_string"}],"inLanguage":"ja"},{"@type":"WebPage","@id":"https:\/\/www.shorinjikempo.or.jp\/es\/intellectual#webpage","url":"https:\/\/www.shorinjikempo.or.jp\/es\/intellectual","name":"Protecci\u00f3n de la propiedad intelectual - Bienvenido al Shorinji Kempo - Espanol -","isPartOf":{"@id":"https:\/\/www.shorinjikempo.or.jp\/es\/#website"},"datePublished":"2015-03-06T11:18:35+00:00","dateModified":"2019-04-22T01:47:44+00:00","breadcrumb":{"@id":"https:\/\/www.shorinjikempo.or.jp\/es\/intellectual#breadcrumb"},"inLanguage":"ja","potentialAction":[{"@type":"ReadAction","target":["https:\/\/www.shorinjikempo.or.jp\/es\/intellectual"]}]},{"@type":"BreadcrumbList","@id":"https:\/\/www.shorinjikempo.or.jp\/es\/intellectual#breadcrumb","itemListElement":[{"@type":"ListItem","position":1,"name":"\u30db\u30fc\u30e0","item":"https:\/\/www.shorinjikempo.or.jp\/es"},{"@type":"ListItem","position":2,"name":"Protecci\u00f3n de la propiedad intelectual"}]}]}},"_links":{"self":[{"href":"https:\/\/www.shorinjikempo.or.jp\/es\/wp-json\/wp\/v2\/pages\/36"}],"collection":[{"href":"https:\/\/www.shorinjikempo.or.jp\/es\/wp-json\/wp\/v2\/pages"}],"about":[{"href":"https:\/\/www.shorinjikempo.or.jp\/es\/wp-json\/wp\/v2\/types\/page"}],"author":[{"embeddable":true,"href":"https:\/\/www.shorinjikempo.or.jp\/es\/wp-json\/wp\/v2\/users\/4"}],"replies":[{"embeddable":true,"href":"https:\/\/www.shorinjikempo.or.jp\/es\/wp-json\/wp\/v2\/comments?post=36"}],"version-history":[{"count":10,"href":"https:\/\/www.shorinjikempo.or.jp\/es\/wp-json\/wp\/v2\/pages\/36\/revisions"}],"predecessor-version":[{"id":160,"href":"https:\/\/www.shorinjikempo.or.jp\/es\/wp-json\/wp\/v2\/pages\/36\/revisions\/160"}],"wp:attachment":[{"href":"https:\/\/www.shorinjikempo.or.jp\/es\/wp-json\/wp\/v2\/media?parent=36"}],"curies":[{"name":"wp","href":"https:\/\/api.w.org\/{rel}","templated":true}]}}