{"id":2,"date":"2015-02-19T04:39:32","date_gmt":"2015-02-19T04:39:32","guid":{"rendered":"http:\/\/localhost:8080\/wordpress-4.1.1\/wordpress\/?page_id=2"},"modified":"2015-03-17T05:11:17","modified_gmt":"2015-03-17T05:11:17","slug":"wsko","status":"publish","type":"page","link":"https:\/\/www.shorinjikempo.or.jp\/fr\/history\/wsko","title":{"rendered":"Le parcours de l&#8217;Organisation mondiale de Shorinji Kempo (WSKO)"},"content":{"rendered":"<h1 class=\"business_title fs18 min\"><span class=\"border_white\">Le parcours de l&#8217;Organisation mondiale de Shorinji Kempo (WSKO)<\/span><\/h1>\n<div class=\"clearFix maT10\">\n<div class=\"grid_13 alpha fs14\">\n<div class=\"entry\">\n<p>Depuis les ann\u00e9es 1960, des shibu ont \u00e9t\u00e9 cr\u00e9\u00e9s successivement partout dans le monde. La liste ci-dessous r\u00e9pertorie par d\u00e9cennie la date de fondation des shibu reconnus (hors Japon ; sans ordre particulier)\n<\/p>\n<\/div>\n<h2 class=\"wskoh2\">Ann\u00e9es 1960<\/h2>\n<p>Malaisie, Indon\u00e9sie, \u00c9tats-Unis, Br\u00e9sil<\/p>\n<h2 class=\"wskoh2\">Ann\u00e9es 1970<\/h2>\n<p>Su\u00e8de, Espagne, France, Singapour, Espagne, Finlande, Nouvelle-Z\u00e9lande, Royaume-Uni, Italie, Portugal, Allemagne<\/p>\n<h2 class=\"wskoh2\">Ann\u00e9es 1980<\/h2>\n<p>Canada, Australie, Hollande, Suisse, Sri-Lanka, Inde, Kenya<\/p>\n<h2 class=\"wskoh2\">Ann\u00e9es 1990<\/h2>\n<p>Russie, Ukraine, Tanzanie, Vi\u00eat-Nam<\/p>\n<h2 class=\"wskoh2\">Apr\u00e8s 2000<\/h2>\n<p>Timor oriental, Cor\u00e9e du Sud, Qatar, Chili, Cambodge, Brunei, Laos, Monaco, Belgique, Philippines<\/p>\n<\/div>\n<div class=\"grid_4 omega\">\n<div class=\"alc maT30\"><img src=\"\/en\/wp-content\/themes\/unity\/images\/abt_pht01.png\" alt=\"\u5c11\u6797\u5bfa\u62f3\u6cd5unity\"><\/div>\n<\/div>\n<\/div>\n","protected":false},"excerpt":{"rendered":"<p>Le parcours de l&#8217;Organisation mondiale de Shorinji Kempo (WSKO) Depuis les ann\u00e9es 1960, des shibu ont \u00e9t [&hellip;]<\/p>\n","protected":false},"author":3,"featured_media":0,"parent":32,"menu_order":0,"comment_status":"open","ping_status":"closed","template":"","meta":[],"acf":[],"yoast_head":"<!-- This site is optimized with the Yoast SEO plugin v18.9 - https:\/\/yoast.com\/wordpress\/plugins\/seo\/ -->\n<title>Le parcours de l&#039;Organisation mondiale de Shorinji Kempo (WSKO) - Bienvenue au Shorinji Kempo - Francais -<\/title>\n<meta name=\"robots\" content=\"index, follow, max-snippet:-1, max-image-preview:large, max-video-preview:-1\" \/>\n<link rel=\"canonical\" href=\"https:\/\/www.shorinjikempo.or.jp\/fr\/history\/wsko\" \/>\n<meta property=\"og:locale\" content=\"ja_JP\" \/>\n<meta property=\"og:type\" content=\"article\" \/>\n<meta property=\"og:title\" content=\"Le parcours de l&#039;Organisation mondiale de Shorinji Kempo (WSKO) - Bienvenue au Shorinji Kempo - Francais -\" \/>\n<meta property=\"og:description\" content=\"Le parcours de l&#8217;Organisation mondiale de Shorinji Kempo (WSKO) Depuis les ann\u00e9es 1960, des shibu ont \u00e9t [&hellip;]\" \/>\n<meta property=\"og:url\" content=\"https:\/\/www.shorinjikempo.or.jp\/fr\/history\/wsko\" \/>\n<meta property=\"og:site_name\" content=\"Bienvenue au Shorinji Kempo - Francais -\" \/>\n<meta property=\"article:modified_time\" content=\"2015-03-17T05:11:17+00:00\" \/>\n<script type=\"application\/ld+json\" class=\"yoast-schema-graph\">{\"@context\":\"https:\/\/schema.org\",\"@graph\":[{\"@type\":\"WebSite\",\"@id\":\"https:\/\/www.shorinjikempo.or.jp\/fr\/#website\",\"url\":\"https:\/\/www.shorinjikempo.or.jp\/fr\/\",\"name\":\"Bienvenue au Shorinji Kempo - Francais -\",\"description\":\"\",\"potentialAction\":[{\"@type\":\"SearchAction\",\"target\":{\"@type\":\"EntryPoint\",\"urlTemplate\":\"https:\/\/www.shorinjikempo.or.jp\/fr\/?s={search_term_string}\"},\"query-input\":\"required name=search_term_string\"}],\"inLanguage\":\"ja\"},{\"@type\":\"WebPage\",\"@id\":\"https:\/\/www.shorinjikempo.or.jp\/fr\/history\/wsko#webpage\",\"url\":\"https:\/\/www.shorinjikempo.or.jp\/fr\/history\/wsko\",\"name\":\"Le parcours de l'Organisation mondiale de Shorinji Kempo (WSKO) - Bienvenue au Shorinji Kempo - Francais -\",\"isPartOf\":{\"@id\":\"https:\/\/www.shorinjikempo.or.jp\/fr\/#website\"},\"datePublished\":\"2015-02-19T04:39:32+00:00\",\"dateModified\":\"2015-03-17T05:11:17+00:00\",\"breadcrumb\":{\"@id\":\"https:\/\/www.shorinjikempo.or.jp\/fr\/history\/wsko#breadcrumb\"},\"inLanguage\":\"ja\",\"potentialAction\":[{\"@type\":\"ReadAction\",\"target\":[\"https:\/\/www.shorinjikempo.or.jp\/fr\/history\/wsko\"]}]},{\"@type\":\"BreadcrumbList\",\"@id\":\"https:\/\/www.shorinjikempo.or.jp\/fr\/history\/wsko#breadcrumb\",\"itemListElement\":[{\"@type\":\"ListItem\",\"position\":1,\"name\":\"\u30db\u30fc\u30e0\",\"item\":\"https:\/\/www.shorinjikempo.or.jp\/fr\"},{\"@type\":\"ListItem\",\"position\":2,\"name\":\"Histoire du Shorinji Kempo\",\"item\":\"https:\/\/www.shorinjikempo.or.jp\/fr\/history\"},{\"@type\":\"ListItem\",\"position\":3,\"name\":\"Le parcours de l&#8217;Organisation mondiale de Shorinji Kempo (WSKO)\"}]}]}<\/script>\n<!-- \/ Yoast SEO plugin. -->","yoast_head_json":{"title":"Le parcours de l'Organisation mondiale de Shorinji Kempo (WSKO) - Bienvenue au Shorinji Kempo - Francais -","robots":{"index":"index","follow":"follow","max-snippet":"max-snippet:-1","max-image-preview":"max-image-preview:large","max-video-preview":"max-video-preview:-1"},"canonical":"https:\/\/www.shorinjikempo.or.jp\/fr\/history\/wsko","og_locale":"ja_JP","og_type":"article","og_title":"Le parcours de l'Organisation mondiale de Shorinji Kempo (WSKO) - Bienvenue au Shorinji Kempo - Francais -","og_description":"Le parcours de l&#8217;Organisation mondiale de Shorinji Kempo (WSKO) Depuis les ann\u00e9es 1960, des shibu ont \u00e9t [&hellip;]","og_url":"https:\/\/www.shorinjikempo.or.jp\/fr\/history\/wsko","og_site_name":"Bienvenue au Shorinji Kempo - Francais -","article_modified_time":"2015-03-17T05:11:17+00:00","schema":{"@context":"https:\/\/schema.org","@graph":[{"@type":"WebSite","@id":"https:\/\/www.shorinjikempo.or.jp\/fr\/#website","url":"https:\/\/www.shorinjikempo.or.jp\/fr\/","name":"Bienvenue au Shorinji Kempo - Francais -","description":"","potentialAction":[{"@type":"SearchAction","target":{"@type":"EntryPoint","urlTemplate":"https:\/\/www.shorinjikempo.or.jp\/fr\/?s={search_term_string}"},"query-input":"required name=search_term_string"}],"inLanguage":"ja"},{"@type":"WebPage","@id":"https:\/\/www.shorinjikempo.or.jp\/fr\/history\/wsko#webpage","url":"https:\/\/www.shorinjikempo.or.jp\/fr\/history\/wsko","name":"Le parcours de l'Organisation mondiale de Shorinji Kempo (WSKO) - Bienvenue au Shorinji Kempo - Francais -","isPartOf":{"@id":"https:\/\/www.shorinjikempo.or.jp\/fr\/#website"},"datePublished":"2015-02-19T04:39:32+00:00","dateModified":"2015-03-17T05:11:17+00:00","breadcrumb":{"@id":"https:\/\/www.shorinjikempo.or.jp\/fr\/history\/wsko#breadcrumb"},"inLanguage":"ja","potentialAction":[{"@type":"ReadAction","target":["https:\/\/www.shorinjikempo.or.jp\/fr\/history\/wsko"]}]},{"@type":"BreadcrumbList","@id":"https:\/\/www.shorinjikempo.or.jp\/fr\/history\/wsko#breadcrumb","itemListElement":[{"@type":"ListItem","position":1,"name":"\u30db\u30fc\u30e0","item":"https:\/\/www.shorinjikempo.or.jp\/fr"},{"@type":"ListItem","position":2,"name":"Histoire du Shorinji Kempo","item":"https:\/\/www.shorinjikempo.or.jp\/fr\/history"},{"@type":"ListItem","position":3,"name":"Le parcours de l&#8217;Organisation mondiale de Shorinji Kempo (WSKO)"}]}]}},"_links":{"self":[{"href":"https:\/\/www.shorinjikempo.or.jp\/fr\/wp-json\/wp\/v2\/pages\/2"}],"collection":[{"href":"https:\/\/www.shorinjikempo.or.jp\/fr\/wp-json\/wp\/v2\/pages"}],"about":[{"href":"https:\/\/www.shorinjikempo.or.jp\/fr\/wp-json\/wp\/v2\/types\/page"}],"author":[{"embeddable":true,"href":"https:\/\/www.shorinjikempo.or.jp\/fr\/wp-json\/wp\/v2\/users\/3"}],"replies":[{"embeddable":true,"href":"https:\/\/www.shorinjikempo.or.jp\/fr\/wp-json\/wp\/v2\/comments?post=2"}],"version-history":[{"count":6,"href":"https:\/\/www.shorinjikempo.or.jp\/fr\/wp-json\/wp\/v2\/pages\/2\/revisions"}],"predecessor-version":[{"id":77,"href":"https:\/\/www.shorinjikempo.or.jp\/fr\/wp-json\/wp\/v2\/pages\/2\/revisions\/77"}],"up":[{"embeddable":true,"href":"https:\/\/www.shorinjikempo.or.jp\/fr\/wp-json\/wp\/v2\/pages\/32"}],"wp:attachment":[{"href":"https:\/\/www.shorinjikempo.or.jp\/fr\/wp-json\/wp\/v2\/media?parent=2"}],"curies":[{"name":"wp","href":"https:\/\/api.w.org\/{rel}","templated":true}]}}