{"id":32,"date":"2015-03-06T11:09:24","date_gmt":"2015-03-06T11:09:24","guid":{"rendered":"http:\/\/shorinjikempo.or.jp\/fr\/?page_id=32"},"modified":"2015-03-17T05:02:52","modified_gmt":"2015-03-17T05:02:52","slug":"history","status":"publish","type":"page","link":"https:\/\/www.shorinjikempo.or.jp\/fr\/history","title":{"rendered":"Histoire du Shorinji Kempo"},"content":{"rendered":"<h1 class=\"business_title fs18 min\"><span class=\"border_white\">Histoire du Shorinji Kempo<\/span><\/h1>\n<div class=\"maT30\">\n<div class=\"clearFix maT10\">\n<div class=\"grid_11 alpha entry fs14\">\n<p>Pr\u00e9sentation de quelques \u00e9v\u00e9nements cl\u00e9s qui ont forg\u00e9 l&#8217;histoire du Shorinji Kempo<\/p>\n<p class=\"bold\">La naissance du Shorinji Kempo, une m\u00e9thode d&#8217;enseignement in\u00e9dite<\/p>\n<p>Au lendemain de la Seconde Guerre Mondiale (en 1945), So Doshin se tourmentait pour son pays.<\/p>\n<p>&#8220;Dans ce Japon en ruine d\u00e9vast\u00e9 par la guerre, comment parvenir \u00e0 relever le pays et le moral de ses habitants ? Comment puis-je me rendre utile ?&#8221;.<\/p>\n<p>So Doshin parvint \u00e0 la conclusion suivante : &#8220;Le renouveau du Japon se r\u00e9alisera par des jeunes gens ayant re\u00e7u un enseignement appropri\u00e9&#8221;, et qu&#8217;il importait de convaincreles jeunes g\u00e9n\u00e9rations de la voie que l&#8217;homme doit emprunter et de ce que doit \u00eatre une nation.<\/p>\n<p>Cependant,il se rendit compte que les gens manifestaient \u00e0 l&#8217;\u00e9gard du discours qu&#8217;il tenait moins d&#8217;int\u00e9r\u00eat qu&#8217;il ne l&#8217;avait imagin\u00e9.<\/p>\n<p>Alors qu&#8217;il \u00e9tait en proie au tourment, une nuit, il fit un r\u00eave.<\/p>\n<p>Dans ce r\u00eave, Bodhidharma lui apparut, mais tandis que So Doshin tentait de se dirigervers lui, il lui tourna le dos et repartit comme il \u00e9tait venu.<\/p>\n<p>\u00c0 son r\u00e9veil, So Doshin se rem\u00e9mora une peinture murale qu&#8217;il avait observ\u00e9e autrefois en Chine, dans laquelle on peut voir des moines pratiquer les exercices dont on raconte qu&#8217;ils auraient \u00e9t\u00e9 \u00e9labor\u00e9s par Bodhidharma. Cette fresque d\u00e9peint desduos de moines indienset chinois en train de se livrer avec bonheur \u00e0 des joutes avec les poings.<\/p>\n<p>Selon l&#8217;intuition de So Doshin, l&#8217;\u00e9ducation des jeunes sur lesquels reposerait le futur de la nation ne pouvait se limiter \u00e0 l&#8217;espect mental.<\/p>\n<p> Il mit alors au point une m\u00e9thode d&#8217;\u00e9ducation du corps et de l&#8217;esprit consistant d&#8217;une part \u00e0 se forger un nouveau corps \u00e0 partir des techniques martiales orientales simplifi\u00e9es que So Doshin avait lui-m\u00eame acquises, et d&#8217;autre part \u00e0 cultiver son esprit par le biais d&#8217;exercices de lutte.<\/p>\n<p>Ainsi, en 1947, So Doshin, \u00e0 l&#8217;\u00e2ge de 36 ans, donnait naissance au Shorinji Kempo.<\/p>\n<p>L&#8217;amour de son pays n&#8217;est pas un sentiment unique au Japon ! Cet attachement peut \u00e9galement contribuer \u00e0 la paix dans le monde.<\/p>\n<p>L&#8217;apect unique du Shorinji Kempo initi\u00e9 par So Doshin attira aussit\u00f4t de nombreux jeunes : en seulement 10 ann\u00e9es, il s&#8217;\u00e9tait d\u00e9velopp\u00e9 \u00e0 travers tout le pays.<\/p>\n<p>Moins de 20 ans apr\u00e8s sa cr\u00e9ation, il commen\u00e7a \u00e0 se diffuser hors des fronti\u00e8res du Japon.<\/p>\n<p>Se soucier de l&#8217;avenir de son pays est un sentiment qui ne conna\u00eet pas de fronti\u00e8re, de m\u00eame que le ressenti de la n\u00e9cessit\u00e9 de prodiguer une \u00e9ducation aux jeunes qui auront la responsabilit\u00e9 des \u00e9poques qui avancent. Certains jeunes qui partageaient la conscience du probl\u00e8me soulev\u00e9 par So Doshin et avaient \u00e9tudi\u00e9 le Shorinji Kempo, se sont mis \u00e0 entreprendre de voyager dans le monde.<\/p>\n<p> En 1972, alors que le Shorinji Kempo \u00e9tait diffus\u00e9 dans 36 pays, la F\u00e9d\u00e9ration internationale de Shorinji Kempo fut cr\u00e9\u00e9e afin de superviser l&#8217;organisation sur le plan mondial.<\/p>\n<p> Puis, en 1976, cette structure laissa la place \u00e0 l&#8217;Organisation mondiale de Shorinji Kempo (ou WSKO), organe central d\u00e9cisionnaire sous sa forme actuelle.<\/p>\n<p>L&#8217;embl\u00e8me \/ le logo du Shorinji Kempo symbolise notre conception de la v\u00e9rit\u00e9 avec des \u00e9l\u00e9ments dissemblables s&#8217;entraidant, se superposant et s&#8217;harmonisant pour former un monde ; sous sa banni\u00e8re, il garantit le standard de qualit\u00e9 des activit\u00e9s engag\u00e9es selon ce principe.<\/p>\n<p>L&#8217;utilisation de l&#8217;embl\u00e8me\/du logo n&#8217;est accord\u00e9e qu&#8217;aux groupes et instructeurs ayant obtenul&#8217;approbation du hombu.<\/p>\n<h2 class=\"bold maT20\">Arborer le soen, symbole d&#8217;harmonie<\/h2>\n<p>Le symbole du Shorinji Kempo est constitu\u00e9 de deux cercles imbriqu\u00e9s, appel\u00e9s soen, entour\u00e9s dans les 4 directions de boucliers repr\u00e9sentant l&#8217;union entre camarades.<\/p>\n<p>En 2005, cet embl\u00e8me, qui est \u00e9galement le logo du Shorinji Kempo, a \u00e9t\u00e9 institu\u00e9 comme symbole commun au niveau mondial.<\/p>\n<p> L&#8217;embl\u00e8me \/ le logo du Shorinji Kempo symbolise notre conception de la v\u00e9rit\u00e9 avec des \u00e9l\u00e9ments dissemblables s&#8217;entraidant, se superposant et s&#8217;harmonisant pour former un monde ; sous sa banni\u00e8re, il garantit le standard de qualit\u00e9 des activit\u00e9s engag\u00e9es selon ce principe.<\/p>\n<p> L&#8217;utilisation de l&#8217;embl\u00e8me\/du logo n&#8217;est accord\u00e9e qu&#8217;aux groupes et instructeurs ayant obtenul&#8217;approbation du hombu.<\/p>\n<\/div>\n<div class=\"grid_6 omega\">\n<div><img src=\"\/en\/wp-content\/themes\/unity\/images\/history_pht01.jpg\" alt=\"\" \/><\/div>\n<p class=\"alc maT5\">\u4e2d\u56fd\u3067\u898b\u305f\u58c1\u753b<\/p>\n<div class=\"maT20\"><img src=\"\/en\/wp-content\/themes\/unity\/images\/history_pht02.jpg\" alt=\"\" \/><\/div>\n<div class=\"maT50\"><img src=\"\/en\/wp-content\/themes\/unity\/images\/history_pht03.jpg\" alt=\"\" \/><\/div>\n<div class=\"maT50\"><img src=\"\/en\/wp-content\/themes\/unity\/images\/history_pht04.jpg\" alt=\"\" \/><\/div>\n<div class=\"maT50\"><img src=\"\/en\/wp-content\/themes\/unity\/images\/history_pht05.jpg\" alt=\"\" \/><\/div>\n<p class=\"maT5 alc\">\u5c11\u6797\u5bfa\u62f3\u6cd5\u306e\u30b7\u30f3\u30dc\u30eb\u30de\u30fc\u30af<\/p>\n<div class=\"maT20\"><img src=\"\/en\/wp-content\/themes\/unity\/images\/history_pht06.jpg\" alt=\"\" \/><\/div>\n<div class=\"maT50\"><img src=\"\/en\/wp-content\/themes\/unity\/images\/history_pht07.jpg\" alt=\"\" \/><\/div>\n<p class=\"maT5 alc\">\u4e16\u754c\u5171\u901a\u306e\u30ab\u30ea\u30ad\u30e5\u30e9\u30e0<\/p>\n<div class=\"maT20\"><img src=\"\/en\/wp-content\/themes\/unity\/images\/history_pht08.jpg\" alt=\"\" \/><\/div>\n<p class=\"maT5 alc\">\u5c11\u6797\u5bfa\u62f3\u6cd5\u8aad\u672c<\/p>\n<div class=\"maT20\"><img src=\"\/en\/wp-content\/themes\/unity\/images\/history_pht09.jpg\" alt=\"\" \/><\/div>\n<\/div>\n<\/div>\n<\/div>\n","protected":false},"excerpt":{"rendered":"<p>Histoire du Shorinji Kempo Pr\u00e9sentation de quelques \u00e9v\u00e9nements cl\u00e9s qui ont forg\u00e9 l&#8217;histoire du Shorinji [&hellip;]<\/p>\n","protected":false},"author":3,"featured_media":0,"parent":0,"menu_order":0,"comment_status":"open","ping_status":"closed","template":"","meta":[],"acf":[],"yoast_head":"<!-- This site is optimized with the Yoast SEO plugin v18.9 - https:\/\/yoast.com\/wordpress\/plugins\/seo\/ -->\n<title>Histoire du Shorinji Kempo - Bienvenue au Shorinji Kempo - Francais -<\/title>\n<meta name=\"robots\" content=\"index, follow, max-snippet:-1, max-image-preview:large, max-video-preview:-1\" \/>\n<link rel=\"canonical\" href=\"https:\/\/www.shorinjikempo.or.jp\/fr\/history\" \/>\n<meta property=\"og:locale\" content=\"ja_JP\" \/>\n<meta property=\"og:type\" content=\"article\" \/>\n<meta property=\"og:title\" content=\"Histoire du Shorinji Kempo - Bienvenue au Shorinji Kempo - Francais -\" \/>\n<meta property=\"og:description\" content=\"Histoire du Shorinji Kempo Pr\u00e9sentation de quelques \u00e9v\u00e9nements cl\u00e9s qui ont forg\u00e9 l&#8217;histoire du Shorinji [&hellip;]\" \/>\n<meta property=\"og:url\" content=\"https:\/\/www.shorinjikempo.or.jp\/fr\/history\" \/>\n<meta property=\"og:site_name\" content=\"Bienvenue au Shorinji Kempo - Francais -\" \/>\n<meta property=\"article:modified_time\" content=\"2015-03-17T05:02:52+00:00\" \/>\n<meta name=\"twitter:label1\" content=\"\u63a8\u5b9a\u8aad\u307f\u53d6\u308a\u6642\u9593\" \/>\n\t<meta name=\"twitter:data1\" content=\"3\u5206\" \/>\n<script type=\"application\/ld+json\" class=\"yoast-schema-graph\">{\"@context\":\"https:\/\/schema.org\",\"@graph\":[{\"@type\":\"WebSite\",\"@id\":\"https:\/\/www.shorinjikempo.or.jp\/fr\/#website\",\"url\":\"https:\/\/www.shorinjikempo.or.jp\/fr\/\",\"name\":\"Bienvenue au Shorinji Kempo - Francais -\",\"description\":\"\",\"potentialAction\":[{\"@type\":\"SearchAction\",\"target\":{\"@type\":\"EntryPoint\",\"urlTemplate\":\"https:\/\/www.shorinjikempo.or.jp\/fr\/?s={search_term_string}\"},\"query-input\":\"required name=search_term_string\"}],\"inLanguage\":\"ja\"},{\"@type\":\"WebPage\",\"@id\":\"https:\/\/www.shorinjikempo.or.jp\/fr\/history#webpage\",\"url\":\"https:\/\/www.shorinjikempo.or.jp\/fr\/history\",\"name\":\"Histoire du Shorinji Kempo - Bienvenue au Shorinji Kempo - Francais -\",\"isPartOf\":{\"@id\":\"https:\/\/www.shorinjikempo.or.jp\/fr\/#website\"},\"datePublished\":\"2015-03-06T11:09:24+00:00\",\"dateModified\":\"2015-03-17T05:02:52+00:00\",\"breadcrumb\":{\"@id\":\"https:\/\/www.shorinjikempo.or.jp\/fr\/history#breadcrumb\"},\"inLanguage\":\"ja\",\"potentialAction\":[{\"@type\":\"ReadAction\",\"target\":[\"https:\/\/www.shorinjikempo.or.jp\/fr\/history\"]}]},{\"@type\":\"BreadcrumbList\",\"@id\":\"https:\/\/www.shorinjikempo.or.jp\/fr\/history#breadcrumb\",\"itemListElement\":[{\"@type\":\"ListItem\",\"position\":1,\"name\":\"\u30db\u30fc\u30e0\",\"item\":\"https:\/\/www.shorinjikempo.or.jp\/fr\"},{\"@type\":\"ListItem\",\"position\":2,\"name\":\"Histoire du Shorinji Kempo\"}]}]}<\/script>\n<!-- \/ Yoast SEO plugin. -->","yoast_head_json":{"title":"Histoire du Shorinji Kempo - Bienvenue au Shorinji Kempo - Francais -","robots":{"index":"index","follow":"follow","max-snippet":"max-snippet:-1","max-image-preview":"max-image-preview:large","max-video-preview":"max-video-preview:-1"},"canonical":"https:\/\/www.shorinjikempo.or.jp\/fr\/history","og_locale":"ja_JP","og_type":"article","og_title":"Histoire du Shorinji Kempo - Bienvenue au Shorinji Kempo - Francais -","og_description":"Histoire du Shorinji Kempo Pr\u00e9sentation de quelques \u00e9v\u00e9nements cl\u00e9s qui ont forg\u00e9 l&#8217;histoire du Shorinji [&hellip;]","og_url":"https:\/\/www.shorinjikempo.or.jp\/fr\/history","og_site_name":"Bienvenue au Shorinji Kempo - Francais -","article_modified_time":"2015-03-17T05:02:52+00:00","twitter_misc":{"\u63a8\u5b9a\u8aad\u307f\u53d6\u308a\u6642\u9593":"3\u5206"},"schema":{"@context":"https:\/\/schema.org","@graph":[{"@type":"WebSite","@id":"https:\/\/www.shorinjikempo.or.jp\/fr\/#website","url":"https:\/\/www.shorinjikempo.or.jp\/fr\/","name":"Bienvenue au Shorinji Kempo - Francais -","description":"","potentialAction":[{"@type":"SearchAction","target":{"@type":"EntryPoint","urlTemplate":"https:\/\/www.shorinjikempo.or.jp\/fr\/?s={search_term_string}"},"query-input":"required name=search_term_string"}],"inLanguage":"ja"},{"@type":"WebPage","@id":"https:\/\/www.shorinjikempo.or.jp\/fr\/history#webpage","url":"https:\/\/www.shorinjikempo.or.jp\/fr\/history","name":"Histoire du Shorinji Kempo - Bienvenue au Shorinji Kempo - Francais -","isPartOf":{"@id":"https:\/\/www.shorinjikempo.or.jp\/fr\/#website"},"datePublished":"2015-03-06T11:09:24+00:00","dateModified":"2015-03-17T05:02:52+00:00","breadcrumb":{"@id":"https:\/\/www.shorinjikempo.or.jp\/fr\/history#breadcrumb"},"inLanguage":"ja","potentialAction":[{"@type":"ReadAction","target":["https:\/\/www.shorinjikempo.or.jp\/fr\/history"]}]},{"@type":"BreadcrumbList","@id":"https:\/\/www.shorinjikempo.or.jp\/fr\/history#breadcrumb","itemListElement":[{"@type":"ListItem","position":1,"name":"\u30db\u30fc\u30e0","item":"https:\/\/www.shorinjikempo.or.jp\/fr"},{"@type":"ListItem","position":2,"name":"Histoire du Shorinji Kempo"}]}]}},"_links":{"self":[{"href":"https:\/\/www.shorinjikempo.or.jp\/fr\/wp-json\/wp\/v2\/pages\/32"}],"collection":[{"href":"https:\/\/www.shorinjikempo.or.jp\/fr\/wp-json\/wp\/v2\/pages"}],"about":[{"href":"https:\/\/www.shorinjikempo.or.jp\/fr\/wp-json\/wp\/v2\/types\/page"}],"author":[{"embeddable":true,"href":"https:\/\/www.shorinjikempo.or.jp\/fr\/wp-json\/wp\/v2\/users\/3"}],"replies":[{"embeddable":true,"href":"https:\/\/www.shorinjikempo.or.jp\/fr\/wp-json\/wp\/v2\/comments?post=32"}],"version-history":[{"count":4,"href":"https:\/\/www.shorinjikempo.or.jp\/fr\/wp-json\/wp\/v2\/pages\/32\/revisions"}],"predecessor-version":[{"id":75,"href":"https:\/\/www.shorinjikempo.or.jp\/fr\/wp-json\/wp\/v2\/pages\/32\/revisions\/75"}],"wp:attachment":[{"href":"https:\/\/www.shorinjikempo.or.jp\/fr\/wp-json\/wp\/v2\/media?parent=32"}],"curies":[{"name":"wp","href":"https:\/\/api.w.org\/{rel}","templated":true}]}}