{"id":36,"date":"2015-03-06T11:18:35","date_gmt":"2015-03-06T11:18:35","guid":{"rendered":"http:\/\/shorinjikempo.or.jp\/fr\/?page_id=36"},"modified":"2015-03-26T08:26:05","modified_gmt":"2015-03-26T08:26:05","slug":"intellectual","status":"publish","type":"page","link":"https:\/\/www.shorinjikempo.or.jp\/fr\/intellectual","title":{"rendered":"Protection de la propri\u00e9t\u00e9 intellectuelle"},"content":{"rendered":"<h1 class=\"business_title fs18 min\"><span class=\"border_white\">Protection de la propri\u00e9t\u00e9 intellectuelle<\/span><\/h1>\n<div class=\"maT30\">\n<h2 id=\"p1\" class=\"fs18 min bold\">L&#8217;instructeur<\/h2>\n<div class=\"clearFix maT10\">\n<div class=\"grid_13 alpha fs14 entry\">\n<p>Pour l&#8217;instructeur de Shorinji Kempo, enseigner n&#8217;est pas un gagne-pain.<\/p>\n<p>Dans le monde entier, les instructeurs sont anim\u00e9s par une motivation bien plus noble que l&#8217;acquisition d&#8217;un revenu pour vivre. <\/p>\n<p>On peut qualifier cette motivation \u00e0 l&#8217;aide de diff\u00e9rents mots &#8211; la raison de vivre, le sens dela vie, l&#8217;espoir, le r\u00eave, le but &#8211; chaque expression pouvant convenir. Il n&#8217;en demeure pas moins que l&#8217;oshie (l&#8217;enseignement, la philosophie) et le giho (les techniques) qui ont \u00e9t\u00e9 l\u00e9gu\u00e9s par le fondateur So Doshin sont les moteurs de la motivation qui entra\u00eene les instructeurs.<\/p>\n<p>\u00c0 l&#8217;instar du principe de jiko-kakuritsu (s&#8217;\u00e9tablir, atteindre l&#8217;autonomie) figurant dans l&#8217;enseignement du Shorinji Kempo, la voie menant \u00e0 la condition d&#8217;instructeur d\u00e9bute par l&#8217;agencement de son propre environnement de vie, ce qui inclut de disposer de revenus.<\/p>\n<p>Apr\u00e8s de longs et patients efforts au cours desquels le candidat doit savoir se montrer disponible \u00e0 l&#8217;\u00e9gard d&#8217;autrui, et \u00e0 l&#8217;issue d&#8217;un examen au hombu central visant \u00e0 \u00e9valuer ses qualit\u00e9s humaines, sa capacit\u00e9 \u00e0 enseigner et son niveau de connaissances, il pourra alors commencer \u00e0 inculquer le Shorinji Kempo, en mettant en pratique lejita-kyoraku (pratiquer ensemble avec plaisir).<\/p>\n<p>Partout, les instructeurs se d\u00e9vouent aujourd&#8217;hui pour diffuser le Shorinji Kempo, reposant sur leur id\u00e9al et se nourrissant du sourire des kenshi et de leur entourage, ainsi quedes aventures chaque renouvel\u00e9es n\u00e9es du perfectionnement mutuel entre les pratiquants.<\/p>\n<\/div>\n<div class=\"grid_4 omega\">\n<div class=\"alc\"><img src=\"\/en\/wp-content\/themes\/unity\/images\/abt_pht01.png\" alt=\"\u5c11\u6797\u5bfa\u62f3\u6cd5unity\" \/><\/div>\n<\/div>\n<\/div>\n<\/div>\n<div class=\"maT50\">\n<h2 id=\"p2\" class=\"fs18 min bold\">Le shibu<\/h2>\n<div class=\"clearFix maT10\">\n<div class=\"grid_12 alpha fs14 entry\">\n<p>Le shibu est le lieu de pratique du Shorinji Kempo. Chaque shibu est supervis\u00e9 par un shibucho : celui-ci est soit nomm\u00e9 par la WSKO, soit nomm\u00e9 apr\u00e8s avoir pass\u00e9 avec succ\u00e8s le stage d\u00e9l\u00e9gu\u00e9 par la WSKO.<\/p>\n<p>Le contenu des entra\u00eenements est ax\u00e9 sur l&#8217;auto-d\u00e9fense ; cependant, l&#8217;enseignement embrasse un champ \u00e9largi, en fonction des objectifs et des d\u00e9sirs des participants, allant des exercices de combat pratiques \u00e0 des mouvementsgymniques pour le corps.<\/p>\n<p>Parall\u00e8lement, des cours bas\u00e9s sur des enseignements propresau Shorinji Kempo sont destin\u00e9s \u00e0 \u00e9clairer les pratiquants sur leur \u00e9tat d&#8217;esprit et leur sens des valeurs.<\/p>\n<p>Les frais de gestion du shibu sont assur\u00e9s par les cotisations vers\u00e9es par les pratiquants ; ceux-ci ont acc\u00e8s au d\u00e9tail des comptes.<\/p>\n<\/div>\n<div class=\"grid_5 omega\"><\/div>\n<\/div>\n<\/div>\n<div class=\"maT50\">\n<h2 id=\"p3\" class=\"fs18 min bold\">La federation<\/h2>\n<div class=\"clearFix maT10\">\n<div class=\"grid_12 alpha fs14 entry\">\n<p>Il s&#8217;agit de l&#8217;organe directeur unifiant l&#8217;ensemble des shibu r\u00e9partis au niveau national. La cr\u00e9ation d&#8217;une f\u00e9d\u00e9ration s&#8217;effectue par un processus d&#8217;approbation par le Conseil d&#8217;administration de la WSKO ; chaque f\u00e9d\u00e9ration est enregistr\u00e9e aupr\u00e8s de la WSKO en tant que membre r\u00e9gulier (membre collectif).<\/p>\n<p>\u00c0 vocation solidaire et harmonieuse au-del\u00e0 du champ des shibu, la f\u00e9d\u00e9ration organise \u00e0 l&#8217;\u00e9chelon national la mise en \u0153uvre des sessions d&#8217;\u00e9tudes, des stages et des ta\u00efka\u00ef (grandes r\u00e9unions rassemblant les pratiquants).<\/p>\n<\/div>\n<div class=\"grid_5 omega\"><\/div>\n<\/div>\n<\/div>\n<div class=\"maT50\">\n<h2 id=\"p4\" class=\"fs18 min bold\">Concernant les approbationsv<\/h2>\n<div class=\"clearFix maT10\">\n<div class=\"grid_12 alpha fs14 entry\">\n<p>Qu&#8217;il s&#8217;agisse des shibucho, des shibu ou des f\u00e9d\u00e9rations, leur nomination ou leur mise en place doit au pr\u00e9alable passer par un processus d&#8217;autorisation d\u00e9livr\u00e9e par la WSKO. Cette disposition constitue un standard garantissant la qualit\u00e9 de tous les groupes porteurs de l&#8217;appellation Shorinji Kempo, du m\u00eame embl\u00e8me\/logo, tout en permettant de nous engager en tant qu&#8217;organisation unie dans les actions de contribution sociale.<\/p>\n<\/div>\n<div class=\"grid_5 omega\"><\/div>\n<\/div>\n<\/div>\n","protected":false},"excerpt":{"rendered":"<p>Protection de la propri\u00e9t\u00e9 intellectuelle L&#8217;instructeur Pour l&#8217;instructeur de Shorinji Kempo, ense [&hellip;]<\/p>\n","protected":false},"author":3,"featured_media":0,"parent":0,"menu_order":0,"comment_status":"open","ping_status":"open","template":"","meta":[],"acf":[],"yoast_head":"<!-- This site is optimized with the Yoast SEO plugin v18.9 - https:\/\/yoast.com\/wordpress\/plugins\/seo\/ -->\n<title>Protection de la propri\u00e9t\u00e9 intellectuelle - Bienvenue au Shorinji Kempo - Francais -<\/title>\n<meta name=\"robots\" content=\"index, follow, max-snippet:-1, max-image-preview:large, max-video-preview:-1\" \/>\n<link rel=\"canonical\" href=\"https:\/\/www.shorinjikempo.or.jp\/fr\/intellectual\" \/>\n<meta property=\"og:locale\" content=\"ja_JP\" \/>\n<meta property=\"og:type\" content=\"article\" \/>\n<meta property=\"og:title\" content=\"Protection de la propri\u00e9t\u00e9 intellectuelle - Bienvenue au Shorinji Kempo - Francais -\" \/>\n<meta property=\"og:description\" content=\"Protection de la propri\u00e9t\u00e9 intellectuelle L&#8217;instructeur Pour l&#8217;instructeur de Shorinji Kempo, ense [&hellip;]\" \/>\n<meta property=\"og:url\" content=\"https:\/\/www.shorinjikempo.or.jp\/fr\/intellectual\" \/>\n<meta property=\"og:site_name\" content=\"Bienvenue au Shorinji Kempo - Francais -\" \/>\n<meta property=\"article:modified_time\" content=\"2015-03-26T08:26:05+00:00\" \/>\n<meta name=\"twitter:label1\" content=\"\u63a8\u5b9a\u8aad\u307f\u53d6\u308a\u6642\u9593\" \/>\n\t<meta name=\"twitter:data1\" content=\"3\u5206\" \/>\n<script type=\"application\/ld+json\" class=\"yoast-schema-graph\">{\"@context\":\"https:\/\/schema.org\",\"@graph\":[{\"@type\":\"WebSite\",\"@id\":\"https:\/\/www.shorinjikempo.or.jp\/fr\/#website\",\"url\":\"https:\/\/www.shorinjikempo.or.jp\/fr\/\",\"name\":\"Bienvenue au Shorinji Kempo - Francais -\",\"description\":\"\",\"potentialAction\":[{\"@type\":\"SearchAction\",\"target\":{\"@type\":\"EntryPoint\",\"urlTemplate\":\"https:\/\/www.shorinjikempo.or.jp\/fr\/?s={search_term_string}\"},\"query-input\":\"required name=search_term_string\"}],\"inLanguage\":\"ja\"},{\"@type\":\"WebPage\",\"@id\":\"https:\/\/www.shorinjikempo.or.jp\/fr\/intellectual#webpage\",\"url\":\"https:\/\/www.shorinjikempo.or.jp\/fr\/intellectual\",\"name\":\"Protection de la propri\u00e9t\u00e9 intellectuelle - Bienvenue au Shorinji Kempo - Francais -\",\"isPartOf\":{\"@id\":\"https:\/\/www.shorinjikempo.or.jp\/fr\/#website\"},\"datePublished\":\"2015-03-06T11:18:35+00:00\",\"dateModified\":\"2015-03-26T08:26:05+00:00\",\"breadcrumb\":{\"@id\":\"https:\/\/www.shorinjikempo.or.jp\/fr\/intellectual#breadcrumb\"},\"inLanguage\":\"ja\",\"potentialAction\":[{\"@type\":\"ReadAction\",\"target\":[\"https:\/\/www.shorinjikempo.or.jp\/fr\/intellectual\"]}]},{\"@type\":\"BreadcrumbList\",\"@id\":\"https:\/\/www.shorinjikempo.or.jp\/fr\/intellectual#breadcrumb\",\"itemListElement\":[{\"@type\":\"ListItem\",\"position\":1,\"name\":\"\u30db\u30fc\u30e0\",\"item\":\"https:\/\/www.shorinjikempo.or.jp\/fr\"},{\"@type\":\"ListItem\",\"position\":2,\"name\":\"Protection de la propri\u00e9t\u00e9 intellectuelle\"}]}]}<\/script>\n<!-- \/ Yoast SEO plugin. -->","yoast_head_json":{"title":"Protection de la propri\u00e9t\u00e9 intellectuelle - Bienvenue au Shorinji Kempo - Francais -","robots":{"index":"index","follow":"follow","max-snippet":"max-snippet:-1","max-image-preview":"max-image-preview:large","max-video-preview":"max-video-preview:-1"},"canonical":"https:\/\/www.shorinjikempo.or.jp\/fr\/intellectual","og_locale":"ja_JP","og_type":"article","og_title":"Protection de la propri\u00e9t\u00e9 intellectuelle - Bienvenue au Shorinji Kempo - Francais -","og_description":"Protection de la propri\u00e9t\u00e9 intellectuelle L&#8217;instructeur Pour l&#8217;instructeur de Shorinji Kempo, ense [&hellip;]","og_url":"https:\/\/www.shorinjikempo.or.jp\/fr\/intellectual","og_site_name":"Bienvenue au Shorinji Kempo - Francais -","article_modified_time":"2015-03-26T08:26:05+00:00","twitter_misc":{"\u63a8\u5b9a\u8aad\u307f\u53d6\u308a\u6642\u9593":"3\u5206"},"schema":{"@context":"https:\/\/schema.org","@graph":[{"@type":"WebSite","@id":"https:\/\/www.shorinjikempo.or.jp\/fr\/#website","url":"https:\/\/www.shorinjikempo.or.jp\/fr\/","name":"Bienvenue au Shorinji Kempo - Francais -","description":"","potentialAction":[{"@type":"SearchAction","target":{"@type":"EntryPoint","urlTemplate":"https:\/\/www.shorinjikempo.or.jp\/fr\/?s={search_term_string}"},"query-input":"required name=search_term_string"}],"inLanguage":"ja"},{"@type":"WebPage","@id":"https:\/\/www.shorinjikempo.or.jp\/fr\/intellectual#webpage","url":"https:\/\/www.shorinjikempo.or.jp\/fr\/intellectual","name":"Protection de la propri\u00e9t\u00e9 intellectuelle - Bienvenue au Shorinji Kempo - Francais -","isPartOf":{"@id":"https:\/\/www.shorinjikempo.or.jp\/fr\/#website"},"datePublished":"2015-03-06T11:18:35+00:00","dateModified":"2015-03-26T08:26:05+00:00","breadcrumb":{"@id":"https:\/\/www.shorinjikempo.or.jp\/fr\/intellectual#breadcrumb"},"inLanguage":"ja","potentialAction":[{"@type":"ReadAction","target":["https:\/\/www.shorinjikempo.or.jp\/fr\/intellectual"]}]},{"@type":"BreadcrumbList","@id":"https:\/\/www.shorinjikempo.or.jp\/fr\/intellectual#breadcrumb","itemListElement":[{"@type":"ListItem","position":1,"name":"\u30db\u30fc\u30e0","item":"https:\/\/www.shorinjikempo.or.jp\/fr"},{"@type":"ListItem","position":2,"name":"Protection de la propri\u00e9t\u00e9 intellectuelle"}]}]}},"_links":{"self":[{"href":"https:\/\/www.shorinjikempo.or.jp\/fr\/wp-json\/wp\/v2\/pages\/36"}],"collection":[{"href":"https:\/\/www.shorinjikempo.or.jp\/fr\/wp-json\/wp\/v2\/pages"}],"about":[{"href":"https:\/\/www.shorinjikempo.or.jp\/fr\/wp-json\/wp\/v2\/types\/page"}],"author":[{"embeddable":true,"href":"https:\/\/www.shorinjikempo.or.jp\/fr\/wp-json\/wp\/v2\/users\/3"}],"replies":[{"embeddable":true,"href":"https:\/\/www.shorinjikempo.or.jp\/fr\/wp-json\/wp\/v2\/comments?post=36"}],"version-history":[{"count":8,"href":"https:\/\/www.shorinjikempo.or.jp\/fr\/wp-json\/wp\/v2\/pages\/36\/revisions"}],"predecessor-version":[{"id":139,"href":"https:\/\/www.shorinjikempo.or.jp\/fr\/wp-json\/wp\/v2\/pages\/36\/revisions\/139"}],"wp:attachment":[{"href":"https:\/\/www.shorinjikempo.or.jp\/fr\/wp-json\/wp\/v2\/media?parent=36"}],"curies":[{"name":"wp","href":"https:\/\/api.w.org\/{rel}","templated":true}]}}