{"id":32,"date":"2015-03-06T11:09:24","date_gmt":"2015-03-06T11:09:24","guid":{"rendered":"http:\/\/shorinjikempo.or.jp\/it\/?page_id=32"},"modified":"2015-03-19T05:22:18","modified_gmt":"2015-03-19T05:22:18","slug":"history","status":"publish","type":"page","link":"https:\/\/www.shorinjikempo.or.jp\/it\/history","title":{"rendered":"Storia dello Shorinji Kempo"},"content":{"rendered":"<h1 class=\"business_title fs18 min\"><span class=\"border_white\">Storia dello Shorinji Kempo<\/span><\/h1>\n<div class=\"maT30\">\n<div class=\"clearFix maT10\">\n<div class=\"grid_11 alpha entry fs14\">\n<p>Si presentano di seguito alcun episodi epocali nella storia dello Shorinji Kempo.<\/p>\n<p class=\"bold\">Nuovo metodo dell\u2019educazione: la nascita dello Shorinji Kempo<\/p>\n<p>Nel 1945, dopo la seconda guerra mondiale, Doshin So si tormentava per le condizioni del Giappone: si chiedeva come si potessero risanare il territorio ed i cuori devastati dalla guerra, e cosa lui potesse fare.<\/p>\n<p>Doshin So concluse il fondamento del futuro del Paese fossero i giovani correttamente istruiti, e cominci\u00f2 a predicare ai giovani come dovesse essere uno stato e la vita umana.<\/p>\n<p>Tuttavia, la gente non si interessava, come aveva sperato, ad una attivit\u00e0 di mera predica.<\/p>\n<p>Doshin So si trovava in difficolt\u00e0 e, nel tormento, fece una notte un sogno rivelatore.<\/p>\n<p>Sogn\u00f2 un\u2019apparizione di Bodhi Dharma, che se ne and\u00f2 mostrandogli la schiena quando Doshin So prov\u00f2 a raggiungerlo.<\/p>\n<p>Svegliatosi dal sogno, si ricord\u00f2 di un dipinto sul muro che aveva visto un giorno in Cina. Vi erano dipinti i monaci buddisti che praticavano un metodo di allenamento inventato, si diceva, da Bodhi Dharma.<\/p>\n<p>Sul muro, erano descritti i monaci indiani e cinesi che si allenavano in coppia in un\u2019atmosfera divertente. <\/p>\n<p>Doshin So realizz\u00f2 che non bastava  un\u2019educazione esclusivamente spirituale per i giovani che avrebbero creato il futuro del paese.<\/p>\n<p>Invent\u00f2 allora lo \u201cShorinji Kempo\u201d, un metodo di educazione sia fisica che mentale, in pratica risistemando le arti marziali orientali che lui aveva gi\u00e0 appreso perch\u00e9 potessero essere comprese pi\u00f9 facilmente, facendo s\u00ec che attraverso gli allenamenti delle tecniche degli arti marziali si potesse svolgere anche un\u2019educazione spirituale.<\/p>\n<p>Era il 1947, Doshin So aveva 36 anni. <\/p>\n<p>Lo Shorinji Kempo, inventato da Doshin So non solo per amore del Giappone ma anche per la pace nel mondo, ha catturato subito il cuore dei giovani, e dopo soli 10 anni aveva gi\u00e0 cominciato a diffondersi in tutto il Giappone.<\/p>\n<p>Inoltre, a meno di 20 anni dalla fondazione, fu iniziata la diffusione all\u2019estero.<\/p>\n<p>Non aveva confini il pensiero per il futuro del paese natio, ed era comune in tutto il mondo il desiderio di dare un\u2019educazione ai giovani che avrebbero portato avanti la prossima  generazione. I giovani che hanno provato simpatia per il pensiero di Doshin So e l\u2019hanno condiviso, dopo aver appreso lo Shorinji Kempo in Giappone, sono partiti per il mondo.<\/p>\n<p>Nel 1972 il numero dei paesi nei quali si \u00e8 diffuso \u00e8 di 36 paesi, ed \u00e8 nata la Federazione internazionale dello Shorinji Kempo.<\/p>\n<p>Di seguito, nel 1976 \u00e8 stata fondata l\u2019Organizzazione mondiale dello Shorinji Kempo, che oggi gestisce le attivit\u00e0 dei paesi di tutto il mondo.<\/p>\n<p>Dal 1985, viene organizzato il Taikai mondiale ogni 4 anni.<\/p>\n<p>Il Taikai mondiale dello Shorinji Kempo, non \u00e8 una manifestazione competitiva ma \u00e8 un festival dove si riuniscono i leader di ogni paese impegnati nelle attivit\u00e0 educative, allenandosi e ricaricando le energie per i prossimi 4 anni.<\/p>\n<h2 class=\"bold maT20\">Prova dell\u2019armonia, tutti innalziamo il So-en.<\/h2>\n<p>Il marchio simbolico dello Shorinji Kempo \u00e8 di due cerchi sovrapposti chiamati i \u201cSo-en\u201d con gli scudi su quattro direzioni i quali simboleggiano la coesione dei compagni.<\/p>\n<p>Il marchio \u00e8 stato introdotto come quello comune e internazionale nel 2005 insieme al logo originale.<\/p>\n<p>Il marchio simbolico e il logo dello Shorinji Kempo simboleggiano la verit\u00e0 intesa come l\u2019armonia che forma il mondo dove si completano e si unificano i diversi fenomeni. E garantisce la qualit\u00e0 delle attivit\u00e0 che verranno svolte sotto il marchio.<\/p>\n<p>L\u2019utilizzo del marchio simbolico e il logo viene autorizzato solo per gli enti e ai leader che hanno superato gli esami dello Hombu.<\/p>\n<p>Programma e sistema di qualifiche comune in tutto il mondo, per qualsiasi persona.<\/p>\n<p>A dimostrare la lungimiranza di Doshin So, fondatore dello Shorinji Kempo, vi \u00e8 il proprio originale programma stabilito gi\u00e0 dall\u2019inizio.<\/p>\n<p>\u3000Negli anni 40\u2019 le tecniche sono di solito tramandate via il dettato nel mondo delle arti marziali. Inoltre, le tecnologie della stampa non erano diffuse ed erano costose, tuttavia Doshin So stampava il programma stabilito da lui e lo distribuiva ai Kenshi.<\/p>\n<p>Il programma ideato da Doshin So, \u00e8 stato tramandato facendo miglioramenti. In qualunque paese si vada, \u00e8 possibile continuare gli allenamenti con lo stesso contenuto perch\u00e9 il programma \u00e8 tradotto nella lingua del paese dove \u00e8 diffusa l\u2019attivit\u00e0.<\/p>\n<p>Il programma dello Shorinji Kempo si pu\u00f2 studiare in ordine da ci\u00f2 che \u00e8 pi\u00f9 facile e dalle basi. Inoltre, in ogni fase si pu\u00f2 provare a sostenere l\u2019esame per la promozione.<\/p>\n<p>Lo standard del controllo degli esami per la promozione e le qualifiche degli esaminatori sono in comune in tutto il mondo, e i risultati degli esami sono controllati unitamente nello Hombu in Giappone. Ovvero una qualifica ottenuta da un membro \u00e8 sempre valida in qualsiasi paese del mondo.<\/p>\n<p>Per colui che ha ottenuto una qualifica, viene pubblicato un attestato di promozione e uno di qualifica dallo Shike dello Shorinji Kempo, che \u00e8 il legittimo successore dello Shorinji Kempo dopo Doshin So.<\/p>\n<\/div>\n<div class=\"grid_6 omega\">\n<div><img src=\"\/en\/wp-content\/themes\/unity\/images\/history_pht01.jpg\" alt=\"\" \/><\/div>\n<p class=\"alc maT5\">\u4e2d\u56fd\u3067\u898b\u305f\u58c1\u753b<\/p>\n<div class=\"maT20\"><img src=\"\/en\/wp-content\/themes\/unity\/images\/history_pht02.jpg\" alt=\"\" \/><\/div>\n<div class=\"maT50\"><img src=\"\/en\/wp-content\/themes\/unity\/images\/history_pht03.jpg\" alt=\"\" \/><\/div>\n<div class=\"maT50\"><img src=\"\/en\/wp-content\/themes\/unity\/images\/history_pht04.jpg\" alt=\"\" \/><\/div>\n<div class=\"maT50\"><img src=\"\/en\/wp-content\/themes\/unity\/images\/history_pht05.jpg\" alt=\"\" \/><\/div>\n<p class=\"maT5 alc\">\u5c11\u6797\u5bfa\u62f3\u6cd5\u306e\u30b7\u30f3\u30dc\u30eb\u30de\u30fc\u30af<\/p>\n<div class=\"maT20\"><img src=\"\/en\/wp-content\/themes\/unity\/images\/history_pht06.jpg\" alt=\"\" \/><\/div>\n<div class=\"maT50\"><img src=\"\/en\/wp-content\/themes\/unity\/images\/history_pht07.jpg\" alt=\"\" \/><\/div>\n<p class=\"maT5 alc\">\u4e16\u754c\u5171\u901a\u306e\u30ab\u30ea\u30ad\u30e5\u30e9\u30e0<\/p>\n<div class=\"maT20\"><img src=\"\/en\/wp-content\/themes\/unity\/images\/history_pht08.jpg\" alt=\"\" \/><\/div>\n<p class=\"maT5 alc\">\u5c11\u6797\u5bfa\u62f3\u6cd5\u8aad\u672c<\/p>\n<div class=\"maT20\"><img src=\"\/en\/wp-content\/themes\/unity\/images\/history_pht09.jpg\" alt=\"\" \/><\/div>\n<\/div>\n<\/div>\n<\/div>\n","protected":false},"excerpt":{"rendered":"<p>Storia dello Shorinji Kempo Si presentano di seguito alcun episodi epocali nella storia dello Shorinji Kempo.  [&hellip;]<\/p>\n","protected":false},"author":4,"featured_media":0,"parent":0,"menu_order":0,"comment_status":"open","ping_status":"closed","template":"","meta":[],"acf":[],"yoast_head":"<!-- This site is optimized with the Yoast SEO plugin v18.9 - https:\/\/yoast.com\/wordpress\/plugins\/seo\/ -->\n<title>Storia dello Shorinji Kempo - Benvenuti in Shorinji Kempo - Italiano -<\/title>\n<meta name=\"robots\" content=\"index, follow, max-snippet:-1, max-image-preview:large, max-video-preview:-1\" \/>\n<link rel=\"canonical\" href=\"https:\/\/www.shorinjikempo.or.jp\/it\/history\" \/>\n<meta property=\"og:locale\" content=\"ja_JP\" \/>\n<meta property=\"og:type\" content=\"article\" \/>\n<meta property=\"og:title\" content=\"Storia dello Shorinji Kempo - Benvenuti in Shorinji Kempo - Italiano -\" \/>\n<meta property=\"og:description\" content=\"Storia dello Shorinji Kempo Si presentano di seguito alcun episodi epocali nella storia dello Shorinji Kempo. [&hellip;]\" \/>\n<meta property=\"og:url\" content=\"https:\/\/www.shorinjikempo.or.jp\/it\/history\" \/>\n<meta property=\"og:site_name\" content=\"Benvenuti in Shorinji Kempo - Italiano -\" \/>\n<meta property=\"article:modified_time\" content=\"2015-03-19T05:22:18+00:00\" \/>\n<meta name=\"twitter:label1\" content=\"\u63a8\u5b9a\u8aad\u307f\u53d6\u308a\u6642\u9593\" \/>\n\t<meta name=\"twitter:data1\" content=\"4\u5206\" \/>\n<script type=\"application\/ld+json\" class=\"yoast-schema-graph\">{\"@context\":\"https:\/\/schema.org\",\"@graph\":[{\"@type\":\"WebSite\",\"@id\":\"https:\/\/www.shorinjikempo.or.jp\/it\/#website\",\"url\":\"https:\/\/www.shorinjikempo.or.jp\/it\/\",\"name\":\"Benvenuti in Shorinji Kempo - Italiano -\",\"description\":\"\",\"potentialAction\":[{\"@type\":\"SearchAction\",\"target\":{\"@type\":\"EntryPoint\",\"urlTemplate\":\"https:\/\/www.shorinjikempo.or.jp\/it\/?s={search_term_string}\"},\"query-input\":\"required name=search_term_string\"}],\"inLanguage\":\"ja\"},{\"@type\":\"WebPage\",\"@id\":\"https:\/\/www.shorinjikempo.or.jp\/it\/history#webpage\",\"url\":\"https:\/\/www.shorinjikempo.or.jp\/it\/history\",\"name\":\"Storia dello Shorinji Kempo - Benvenuti in Shorinji Kempo - Italiano -\",\"isPartOf\":{\"@id\":\"https:\/\/www.shorinjikempo.or.jp\/it\/#website\"},\"datePublished\":\"2015-03-06T11:09:24+00:00\",\"dateModified\":\"2015-03-19T05:22:18+00:00\",\"breadcrumb\":{\"@id\":\"https:\/\/www.shorinjikempo.or.jp\/it\/history#breadcrumb\"},\"inLanguage\":\"ja\",\"potentialAction\":[{\"@type\":\"ReadAction\",\"target\":[\"https:\/\/www.shorinjikempo.or.jp\/it\/history\"]}]},{\"@type\":\"BreadcrumbList\",\"@id\":\"https:\/\/www.shorinjikempo.or.jp\/it\/history#breadcrumb\",\"itemListElement\":[{\"@type\":\"ListItem\",\"position\":1,\"name\":\"\u30db\u30fc\u30e0\",\"item\":\"https:\/\/www.shorinjikempo.or.jp\/it\"},{\"@type\":\"ListItem\",\"position\":2,\"name\":\"Storia dello Shorinji Kempo\"}]}]}<\/script>\n<!-- \/ Yoast SEO plugin. -->","yoast_head_json":{"title":"Storia dello Shorinji Kempo - Benvenuti in Shorinji Kempo - Italiano -","robots":{"index":"index","follow":"follow","max-snippet":"max-snippet:-1","max-image-preview":"max-image-preview:large","max-video-preview":"max-video-preview:-1"},"canonical":"https:\/\/www.shorinjikempo.or.jp\/it\/history","og_locale":"ja_JP","og_type":"article","og_title":"Storia dello Shorinji Kempo - Benvenuti in Shorinji Kempo - Italiano -","og_description":"Storia dello Shorinji Kempo Si presentano di seguito alcun episodi epocali nella storia dello Shorinji Kempo. [&hellip;]","og_url":"https:\/\/www.shorinjikempo.or.jp\/it\/history","og_site_name":"Benvenuti in Shorinji Kempo - Italiano -","article_modified_time":"2015-03-19T05:22:18+00:00","twitter_misc":{"\u63a8\u5b9a\u8aad\u307f\u53d6\u308a\u6642\u9593":"4\u5206"},"schema":{"@context":"https:\/\/schema.org","@graph":[{"@type":"WebSite","@id":"https:\/\/www.shorinjikempo.or.jp\/it\/#website","url":"https:\/\/www.shorinjikempo.or.jp\/it\/","name":"Benvenuti in Shorinji Kempo - Italiano -","description":"","potentialAction":[{"@type":"SearchAction","target":{"@type":"EntryPoint","urlTemplate":"https:\/\/www.shorinjikempo.or.jp\/it\/?s={search_term_string}"},"query-input":"required name=search_term_string"}],"inLanguage":"ja"},{"@type":"WebPage","@id":"https:\/\/www.shorinjikempo.or.jp\/it\/history#webpage","url":"https:\/\/www.shorinjikempo.or.jp\/it\/history","name":"Storia dello Shorinji Kempo - Benvenuti in Shorinji Kempo - Italiano -","isPartOf":{"@id":"https:\/\/www.shorinjikempo.or.jp\/it\/#website"},"datePublished":"2015-03-06T11:09:24+00:00","dateModified":"2015-03-19T05:22:18+00:00","breadcrumb":{"@id":"https:\/\/www.shorinjikempo.or.jp\/it\/history#breadcrumb"},"inLanguage":"ja","potentialAction":[{"@type":"ReadAction","target":["https:\/\/www.shorinjikempo.or.jp\/it\/history"]}]},{"@type":"BreadcrumbList","@id":"https:\/\/www.shorinjikempo.or.jp\/it\/history#breadcrumb","itemListElement":[{"@type":"ListItem","position":1,"name":"\u30db\u30fc\u30e0","item":"https:\/\/www.shorinjikempo.or.jp\/it"},{"@type":"ListItem","position":2,"name":"Storia dello Shorinji Kempo"}]}]}},"_links":{"self":[{"href":"https:\/\/www.shorinjikempo.or.jp\/it\/wp-json\/wp\/v2\/pages\/32"}],"collection":[{"href":"https:\/\/www.shorinjikempo.or.jp\/it\/wp-json\/wp\/v2\/pages"}],"about":[{"href":"https:\/\/www.shorinjikempo.or.jp\/it\/wp-json\/wp\/v2\/types\/page"}],"author":[{"embeddable":true,"href":"https:\/\/www.shorinjikempo.or.jp\/it\/wp-json\/wp\/v2\/users\/4"}],"replies":[{"embeddable":true,"href":"https:\/\/www.shorinjikempo.or.jp\/it\/wp-json\/wp\/v2\/comments?post=32"}],"version-history":[{"count":5,"href":"https:\/\/www.shorinjikempo.or.jp\/it\/wp-json\/wp\/v2\/pages\/32\/revisions"}],"predecessor-version":[{"id":74,"href":"https:\/\/www.shorinjikempo.or.jp\/it\/wp-json\/wp\/v2\/pages\/32\/revisions\/74"}],"wp:attachment":[{"href":"https:\/\/www.shorinjikempo.or.jp\/it\/wp-json\/wp\/v2\/media?parent=32"}],"curies":[{"name":"wp","href":"https:\/\/api.w.org\/{rel}","templated":true}]}}