{"id":2,"date":"2015-02-19T04:39:32","date_gmt":"2015-02-19T04:39:32","guid":{"rendered":"http:\/\/localhost:8080\/wordpress-4.1.1\/wordpress\/?page_id=2"},"modified":"2015-03-19T09:30:08","modified_gmt":"2015-03-19T09:30:08","slug":"wsko","status":"publish","type":"page","link":"https:\/\/www.shorinjikempo.or.jp\/pt\/history\/wsko","title":{"rendered":"Uma breve hist\u00f3ria da WSKO (World Shorinji Kempo Organization \u2013 Organiza\u00e7\u00e3o Mundial de Shorinji Kempo)"},"content":{"rendered":"<h1 class=\"business_title fs16 min\"><span class=\"border_white ls-1\">Uma breve hist\u00f3ria da WSKO (World Shorinji Kempo Organization \u2013 Organiza\u00e7\u00e3o Mundial de Shorinji Kempo)<\/span><\/h1>\n<div class=\"clearFix maT10\">\n<div class=\"grid_13 alpha fs14\">\n<div class=\"entry\">\n<p>Ap\u00f3s a d\u00e9cada de 1960, muitas filiais (\u201cshibu\u201d) foram sucessivamente estabelecidas a n\u00edvel mundial. De seguida apresentam-se, por ordem, os anos de funda\u00e7\u00e3o das filiais reconhecidas (excluindo o Jap\u00e3o).<\/p>\n<\/div>\n<h2 class=\"wskoh2\">D\u00e9cada de 1960<\/h2>\n<p>Mal\u00e1sia, Indon\u00e9sia, Estados Unidos da Am\u00e9rica, Brasil <\/p>\n<h2 class=\"wskoh2\">D\u00e9cada de 1970<\/h2>\n<p>Su\u00e9cia, Fran\u00e7a, Singapura, Espanha, Finl\u00e2ndia, Nova Zel\u00e2ndia, Reino Unido, It\u00e1lia, Portugal, Alemanha <\/p>\n<h2 class=\"wskoh2\">D\u00e9cada de 1980<\/h2>\n<p>Canad\u00e1, Austr\u00e1lia, Holanda, Su\u00ed\u00e7a, Sri Lanka, \u00cdndia, Qu\u00e9nia. <\/p>\n<h2 class=\"wskoh2\">D\u00e9cada de 1990<\/h2>\n<p>R\u00fassia, Ucr\u00e2nia, Tanz\u00e2nia, Vietname.<\/p>\n<h2 class=\"wskoh2\">Apr\u00e8s 2000<\/h2>\n<p>Timor Leste, Coreia, L\u00edbano, Catar, Chile, Camboja, Brunei, Dar es Salaam, Laos, M\u00f3naco, B\u00e9lgica,Filipinas.<\/p>\n<\/div>\n<div class=\"grid_4 omega\">\n<div class=\"alc maT30\"><img src=\"\/en\/wp-content\/themes\/unity\/images\/abt_pht01.png\" alt=\"\u5c11\u6797\u5bfa\u62f3\u6cd5unity\" \/><\/div>\n<\/div>\n<\/div>\n","protected":false},"excerpt":{"rendered":"<p>Uma breve hist\u00f3ria da WSKO (World Shorinji Kempo Organization \u2013 Organiza\u00e7\u00e3o Mundial de Shorinji Kempo) Ap\u00f3s a  [&hellip;]<\/p>\n","protected":false},"author":4,"featured_media":0,"parent":32,"menu_order":0,"comment_status":"open","ping_status":"closed","template":"","meta":[],"acf":[],"yoast_head":"<!-- This site is optimized with the Yoast SEO plugin v18.9 - https:\/\/yoast.com\/wordpress\/plugins\/seo\/ -->\n<title>Uma breve hist\u00f3ria da WSKO (World Shorinji Kempo Organization \u2013 Organiza\u00e7\u00e3o Mundial de Shorinji Kempo) - Bem-vindo ao Shorinji Kempo - Portugues -<\/title>\n<meta name=\"robots\" content=\"index, follow, max-snippet:-1, max-image-preview:large, max-video-preview:-1\" \/>\n<link rel=\"canonical\" href=\"https:\/\/www.shorinjikempo.or.jp\/pt\/history\/wsko\" \/>\n<meta property=\"og:locale\" content=\"ja_JP\" \/>\n<meta property=\"og:type\" content=\"article\" \/>\n<meta property=\"og:title\" content=\"Uma breve hist\u00f3ria da WSKO (World Shorinji Kempo Organization \u2013 Organiza\u00e7\u00e3o Mundial de Shorinji Kempo) - Bem-vindo ao Shorinji Kempo - Portugues -\" \/>\n<meta property=\"og:description\" content=\"Uma breve hist\u00f3ria da WSKO (World Shorinji Kempo Organization \u2013 Organiza\u00e7\u00e3o Mundial de Shorinji Kempo) Ap\u00f3s a [&hellip;]\" \/>\n<meta property=\"og:url\" content=\"https:\/\/www.shorinjikempo.or.jp\/pt\/history\/wsko\" \/>\n<meta property=\"og:site_name\" content=\"Bem-vindo ao Shorinji Kempo - Portugues -\" \/>\n<meta property=\"article:modified_time\" content=\"2015-03-19T09:30:08+00:00\" \/>\n<meta name=\"twitter:label1\" content=\"\u63a8\u5b9a\u8aad\u307f\u53d6\u308a\u6642\u9593\" \/>\n\t<meta name=\"twitter:data1\" content=\"1\u5206\" \/>\n<script type=\"application\/ld+json\" class=\"yoast-schema-graph\">{\"@context\":\"https:\/\/schema.org\",\"@graph\":[{\"@type\":\"WebSite\",\"@id\":\"https:\/\/www.shorinjikempo.or.jp\/pt\/#website\",\"url\":\"https:\/\/www.shorinjikempo.or.jp\/pt\/\",\"name\":\"Bem-vindo ao Shorinji Kempo - Portugues -\",\"description\":\"\",\"potentialAction\":[{\"@type\":\"SearchAction\",\"target\":{\"@type\":\"EntryPoint\",\"urlTemplate\":\"https:\/\/www.shorinjikempo.or.jp\/pt\/?s={search_term_string}\"},\"query-input\":\"required name=search_term_string\"}],\"inLanguage\":\"ja\"},{\"@type\":\"WebPage\",\"@id\":\"https:\/\/www.shorinjikempo.or.jp\/pt\/history\/wsko#webpage\",\"url\":\"https:\/\/www.shorinjikempo.or.jp\/pt\/history\/wsko\",\"name\":\"Uma breve hist\u00f3ria da WSKO (World Shorinji Kempo Organization \u2013 Organiza\u00e7\u00e3o Mundial de Shorinji Kempo) - Bem-vindo ao Shorinji Kempo - Portugues -\",\"isPartOf\":{\"@id\":\"https:\/\/www.shorinjikempo.or.jp\/pt\/#website\"},\"datePublished\":\"2015-02-19T04:39:32+00:00\",\"dateModified\":\"2015-03-19T09:30:08+00:00\",\"breadcrumb\":{\"@id\":\"https:\/\/www.shorinjikempo.or.jp\/pt\/history\/wsko#breadcrumb\"},\"inLanguage\":\"ja\",\"potentialAction\":[{\"@type\":\"ReadAction\",\"target\":[\"https:\/\/www.shorinjikempo.or.jp\/pt\/history\/wsko\"]}]},{\"@type\":\"BreadcrumbList\",\"@id\":\"https:\/\/www.shorinjikempo.or.jp\/pt\/history\/wsko#breadcrumb\",\"itemListElement\":[{\"@type\":\"ListItem\",\"position\":1,\"name\":\"\u30db\u30fc\u30e0\",\"item\":\"https:\/\/www.shorinjikempo.or.jp\/pt\"},{\"@type\":\"ListItem\",\"position\":2,\"name\":\"Uma hist\u00f3ria do Shorinji Kempo\",\"item\":\"https:\/\/www.shorinjikempo.or.jp\/pt\/history\"},{\"@type\":\"ListItem\",\"position\":3,\"name\":\"Uma breve hist\u00f3ria da WSKO (World Shorinji Kempo Organization \u2013 Organiza\u00e7\u00e3o Mundial de Shorinji Kempo)\"}]}]}<\/script>\n<!-- \/ Yoast SEO plugin. -->","yoast_head_json":{"title":"Uma breve hist\u00f3ria da WSKO (World Shorinji Kempo Organization \u2013 Organiza\u00e7\u00e3o Mundial de Shorinji Kempo) - Bem-vindo ao Shorinji Kempo - Portugues -","robots":{"index":"index","follow":"follow","max-snippet":"max-snippet:-1","max-image-preview":"max-image-preview:large","max-video-preview":"max-video-preview:-1"},"canonical":"https:\/\/www.shorinjikempo.or.jp\/pt\/history\/wsko","og_locale":"ja_JP","og_type":"article","og_title":"Uma breve hist\u00f3ria da WSKO (World Shorinji Kempo Organization \u2013 Organiza\u00e7\u00e3o Mundial de Shorinji Kempo) - Bem-vindo ao Shorinji Kempo - Portugues -","og_description":"Uma breve hist\u00f3ria da WSKO (World Shorinji Kempo Organization \u2013 Organiza\u00e7\u00e3o Mundial de Shorinji Kempo) Ap\u00f3s a [&hellip;]","og_url":"https:\/\/www.shorinjikempo.or.jp\/pt\/history\/wsko","og_site_name":"Bem-vindo ao Shorinji Kempo - Portugues -","article_modified_time":"2015-03-19T09:30:08+00:00","twitter_misc":{"\u63a8\u5b9a\u8aad\u307f\u53d6\u308a\u6642\u9593":"1\u5206"},"schema":{"@context":"https:\/\/schema.org","@graph":[{"@type":"WebSite","@id":"https:\/\/www.shorinjikempo.or.jp\/pt\/#website","url":"https:\/\/www.shorinjikempo.or.jp\/pt\/","name":"Bem-vindo ao Shorinji Kempo - Portugues -","description":"","potentialAction":[{"@type":"SearchAction","target":{"@type":"EntryPoint","urlTemplate":"https:\/\/www.shorinjikempo.or.jp\/pt\/?s={search_term_string}"},"query-input":"required name=search_term_string"}],"inLanguage":"ja"},{"@type":"WebPage","@id":"https:\/\/www.shorinjikempo.or.jp\/pt\/history\/wsko#webpage","url":"https:\/\/www.shorinjikempo.or.jp\/pt\/history\/wsko","name":"Uma breve hist\u00f3ria da WSKO (World Shorinji Kempo Organization \u2013 Organiza\u00e7\u00e3o Mundial de Shorinji Kempo) - Bem-vindo ao Shorinji Kempo - Portugues -","isPartOf":{"@id":"https:\/\/www.shorinjikempo.or.jp\/pt\/#website"},"datePublished":"2015-02-19T04:39:32+00:00","dateModified":"2015-03-19T09:30:08+00:00","breadcrumb":{"@id":"https:\/\/www.shorinjikempo.or.jp\/pt\/history\/wsko#breadcrumb"},"inLanguage":"ja","potentialAction":[{"@type":"ReadAction","target":["https:\/\/www.shorinjikempo.or.jp\/pt\/history\/wsko"]}]},{"@type":"BreadcrumbList","@id":"https:\/\/www.shorinjikempo.or.jp\/pt\/history\/wsko#breadcrumb","itemListElement":[{"@type":"ListItem","position":1,"name":"\u30db\u30fc\u30e0","item":"https:\/\/www.shorinjikempo.or.jp\/pt"},{"@type":"ListItem","position":2,"name":"Uma hist\u00f3ria do Shorinji Kempo","item":"https:\/\/www.shorinjikempo.or.jp\/pt\/history"},{"@type":"ListItem","position":3,"name":"Uma breve hist\u00f3ria da WSKO (World Shorinji Kempo Organization \u2013 Organiza\u00e7\u00e3o Mundial de Shorinji Kempo)"}]}]}},"_links":{"self":[{"href":"https:\/\/www.shorinjikempo.or.jp\/pt\/wp-json\/wp\/v2\/pages\/2"}],"collection":[{"href":"https:\/\/www.shorinjikempo.or.jp\/pt\/wp-json\/wp\/v2\/pages"}],"about":[{"href":"https:\/\/www.shorinjikempo.or.jp\/pt\/wp-json\/wp\/v2\/types\/page"}],"author":[{"embeddable":true,"href":"https:\/\/www.shorinjikempo.or.jp\/pt\/wp-json\/wp\/v2\/users\/4"}],"replies":[{"embeddable":true,"href":"https:\/\/www.shorinjikempo.or.jp\/pt\/wp-json\/wp\/v2\/comments?post=2"}],"version-history":[{"count":7,"href":"https:\/\/www.shorinjikempo.or.jp\/pt\/wp-json\/wp\/v2\/pages\/2\/revisions"}],"predecessor-version":[{"id":86,"href":"https:\/\/www.shorinjikempo.or.jp\/pt\/wp-json\/wp\/v2\/pages\/2\/revisions\/86"}],"up":[{"embeddable":true,"href":"https:\/\/www.shorinjikempo.or.jp\/pt\/wp-json\/wp\/v2\/pages\/32"}],"wp:attachment":[{"href":"https:\/\/www.shorinjikempo.or.jp\/pt\/wp-json\/wp\/v2\/media?parent=2"}],"curies":[{"name":"wp","href":"https:\/\/api.w.org\/{rel}","templated":true}]}}