{"id":32,"date":"2015-03-06T11:09:24","date_gmt":"2015-03-06T11:09:24","guid":{"rendered":"http:\/\/shorinjikempo.or.jp\/pt\/?page_id=32"},"modified":"2015-03-19T09:23:19","modified_gmt":"2015-03-19T09:23:19","slug":"history","status":"publish","type":"page","link":"https:\/\/www.shorinjikempo.or.jp\/pt\/history","title":{"rendered":"Uma hist\u00f3ria do Shorinji Kempo"},"content":{"rendered":"<h1 class=\"business_title fs18 min\"><span class=\"border_white\">Uma hist\u00f3ria do Shorinji Kempo<\/span><\/h1>\n<div class=\"maT30\">\n<div class=\"clearFix maT10\">\n<div class=\"grid_11 alpha entry fs14\">\n<p>Apresentamos alguns epis\u00f3dios marcantes na hist\u00f3ria do Shorinji Kempo<\/p>\n<p class=\"bold\">Nova t\u00e9cnica de educa\u00e7\u00e3o! O nascimento do Shorinji Kempo.<\/p>\n<p>Ap\u00f3s a segunda guerra mundial (1945) no Jap\u00e3o, So Doshin estava preocupando a situa\u00e7\u00e3o da \u00e9poca.<\/p>\n<p>Como resultado lastim\u00e1vel da guerra, a terra e o esp\u00edrito dos povos japoneses foram em ru\u00edna, como podemos recuperar&#8230;&#8230; o que eu posso fazer :<\/p>\n<p>O So Doshin determinou seu pensamento: \u201cS\u00e3o os joven que recebem a educa\u00e7\u00e3o apropriada que pode reconstruir o futuro da na\u00e7\u00e3o\u201d<\/p>\n<p>N\u00e3o obstante, os povos n\u00e3o mostram interesses sobre as actividades com as explana\u00e7\u00f5es do que esperava.<\/p>\n<p>So Doshin preocupou-se muito. E no meido das preocupa\u00e7\u00f5es, numa noite ele sonhou e foi surpreendido<\/p>\n<p>O sonho que viu&#8230;.isto foi   \u201capareceu Buda Daruma e So Doshin queir pressegiu ele, mas Daruma deixou ele mostrando sua costa&#8230;\u201d.<\/p>\n<p>Quando So Doshin acordou, ele lembrou uma pintura de fresco no templo da China que ele pr\u00f3rpio viu. Esta pintura \u00e9 os dois monges budistas praticando um m\u00e9todo conceptivo da Buda Daruma. A pintura foi pintada dois monges budistas indiano e chines formando um grupo e praticando alegremente a arte marcial.<\/p>\n<p>So Doshin percebeu que as educa\u00e7\u00f5es para jovens que constituir\u00e3o o futuro da na\u00e7\u00e3o, s\u00f3 as educa\u00e7\u00f5es espirituais s\u00e3o insuficientes. A\u00ed ele percebeu que a hacessidade de sistematizar as artes marciais orientais tais como Bujutsu;Budo, forma mais compreens\u00edvel os que ja adquiridos. E atraves desta sistematiza\u00e7\u00e3o de treianmentos de artes marciais, acompanha por si mesmo a educa\u00e7\u00e3o moral tamb\u00e9m. Isto \u00e9 a concep\u00e7a\u00f5 do m\u00e9todo da educa\u00e7\u00e3o sistematizada, unindo o mente eo esp\u00edrito que \u00e9 o \u201cShorinji Kempo\u201d<\/p>\n<p>Isso foi no ano 1947, So Doshin tinha 36 anos.<\/p>\n<p>Amar a p\u00e1tria, n\u00e3o somente no Jap\u00e3o, sim para paz mundial!<\/p>\n<p>A concep\u00e7\u00e3o de Shiorinji Kempo idealizado pelo Sio Doshin, tinha t\u00e9cnica \u00fanico, apanhou as cora\u00e7\u00f5es dos jovens japoneses e so com 10 anos foi propagado em todo Jap\u00e3o.<\/p>\n<p>A paix\u00e3o preocupante sobre o futuro da p\u00e1tria, ultrapassou as fronteiras, e o pensamento da necessidade dar as educa\u00e7\u00f5es para os jovens que v\u00e3o suceder, ficando comum para todo mundo. Os jovens que inspiram a simpatia e concord\u00e2ncia sobre a filosofia de So Doshin, estudam o Shorinji Kempo no Jap\u00e3o e come\u00e7aram a expandir nos exteriores.<\/p>\n<p>E no ano 1976, come\u00e7ou uma nova organiza\u00e7\u00e3o denominada Uni\u00e3o Internacional do Shorinji Kempo.<\/p>\n<p>Desde 1985, realizam-se a cada 4 anos, o congresso internacional <\/p>\n<p>Parao  Shorinji Kempo, a realiza\u00e7\u00e3o de congressos internacionais, isso n\u00e3o significa somente as competi\u00e7\u00f5es t\u00e9cnicas, tamb\u00e9m reunem os l\u00edderes de cada pa\u00eds,prosseguindo o seu estudo pacientemente e acumulando energias.<\/p>\n<p>Prova da Harmonia! Todos erguem o simbolo so-en.<\/p>\n<p>A marca simb\u00f3lica do Shorinji Kempo, apresenta com dois circulos empilhados, que simbolizada quatro lados os escudos indicam a uni\u00e3o dos companheiros,<\/p>\n<p>Esta marca foi oficialmente registrados no ano 2005, juntamente com a logomarca original, como comum para todos os pa\u00edses.<\/p>\n<p>  Os usos da logomarca foram autorizados so os grupos e l\u00edderes aprovado nos exemes da matriz.<\/p>\n<p>Qualquer pessoa pode alcan\u00e7ar! O sistema da qualifica\u00e7\u00e3o e o curriculo em comum para todo mundo.<\/p>\n<p>Uma das capaciades previdente de So Doshin, podemos citar que o Shorinji Kempo, desde sua funda\u00e7\u00e3o possuia um curr\u00edculo sui-generis idealizado por ele.<\/p>\n<p>Naquela \u00e9poca (gera\u00e7\u00e3o de d\u00e9cada de 1940) no mundo do arte marcial, geralmente as t\u00e9cnicas s\u00e3o ensinadas verbalmente. E os custos de impress\u00e3o era caro e ainda n\u00e3o foram divulgadas e caros, mas So Doshin imprimiu o curr\u00edculo em papel e distribuiu para todos Kenshi(s).<\/p>\n<p>A Lista de disciplinas deterinada por So Doshin, ainda sucedida com os melhoramentos.Para os pa\u00edses j\u00e1 fifudidos, foram traduzidos em cada l\u00edngua local, por conseguinte pode continuar as practicas \u201cShugyo\u201d.<\/p>\n<p>O curr\u00edculo do Shorinji Kempo, come\u00e7ando as t\u00e9cnicas f\u00e1cial e b\u00e1sicas de aprender assim sucessivamente. Assim como um ponto marcante, podem desafiar o exame de gradua\u00e7\u00e3o.<\/p>\n<p>O padr\u00e3o de exame e a qualifica\u00e7\u00e3o dos examinadores s\u00e3o unificados unviersalmente, e os resultados das exames rigorosamente gestionado por Matriz do Jap\u00e3o. Portanto, todas as qualifica\u00e7\u00f5es oficiais s\u00e3o v\u00e1lidas em todo mundo.<\/p>\n<p>Quem foram aprovados nas exames da qualifica\u00e7\u00e3o, o(a) Shike do Shorinji Kempo que sucede a tradi\u00e7\u00e3o do So Doshin emite o certificado da Aprova\u00e7\u00e3o\/Licen\u00e7a.<\/p>\n<\/div>\n<div class=\"grid_6 omega\">\n<div><img src=\"\/en\/wp-content\/themes\/unity\/images\/history_pht01.jpg\" alt=\"\" \/><\/div>\n<p class=\"alc maT5\">\u4e2d\u56fd\u3067\u898b\u305f\u58c1\u753b<\/p>\n<div class=\"maT20\"><img src=\"\/en\/wp-content\/themes\/unity\/images\/history_pht02.jpg\" alt=\"\" \/><\/div>\n<div class=\"maT50\"><img src=\"\/en\/wp-content\/themes\/unity\/images\/history_pht03.jpg\" alt=\"\" \/><\/div>\n<div class=\"maT50\"><img src=\"\/en\/wp-content\/themes\/unity\/images\/history_pht04.jpg\" alt=\"\" \/><\/div>\n<div class=\"maT50\"><img src=\"\/en\/wp-content\/themes\/unity\/images\/history_pht05.jpg\" alt=\"\" \/><\/div>\n<p class=\"maT5 alc\">\u5c11\u6797\u5bfa\u62f3\u6cd5\u306e\u30b7\u30f3\u30dc\u30eb\u30de\u30fc\u30af<\/p>\n<div class=\"maT20\"><img src=\"\/en\/wp-content\/themes\/unity\/images\/history_pht06.jpg\" alt=\"\" \/><\/div>\n<div class=\"maT50\"><img src=\"\/en\/wp-content\/themes\/unity\/images\/history_pht07.jpg\" alt=\"\" \/><\/div>\n<p class=\"maT5 alc\">\u4e16\u754c\u5171\u901a\u306e\u30ab\u30ea\u30ad\u30e5\u30e9\u30e0<\/p>\n<div class=\"maT20\"><img src=\"\/en\/wp-content\/themes\/unity\/images\/history_pht08.jpg\" alt=\"\" \/><\/div>\n<p class=\"maT5 alc\">\u5c11\u6797\u5bfa\u62f3\u6cd5\u8aad\u672c<\/p>\n<div class=\"maT20\"><img src=\"\/en\/wp-content\/themes\/unity\/images\/history_pht09.jpg\" alt=\"\" \/><\/div>\n<\/div>\n<\/div>\n<\/div>\n","protected":false},"excerpt":{"rendered":"<p>Uma hist\u00f3ria do Shorinji Kempo Apresentamos alguns epis\u00f3dios marcantes na hist\u00f3ria do Shorinji Kempo Nova t\u00e9cn [&hellip;]<\/p>\n","protected":false},"author":4,"featured_media":0,"parent":0,"menu_order":0,"comment_status":"open","ping_status":"closed","template":"","meta":[],"acf":[],"yoast_head":"<!-- This site is optimized with the Yoast SEO plugin v18.9 - https:\/\/yoast.com\/wordpress\/plugins\/seo\/ -->\n<title>Uma hist\u00f3ria do Shorinji Kempo - Bem-vindo ao Shorinji Kempo - Portugues -<\/title>\n<meta name=\"robots\" content=\"index, follow, max-snippet:-1, max-image-preview:large, max-video-preview:-1\" \/>\n<link rel=\"canonical\" href=\"https:\/\/www.shorinjikempo.or.jp\/pt\/history\" \/>\n<meta property=\"og:locale\" content=\"ja_JP\" \/>\n<meta property=\"og:type\" content=\"article\" \/>\n<meta property=\"og:title\" content=\"Uma hist\u00f3ria do Shorinji Kempo - Bem-vindo ao Shorinji Kempo - Portugues -\" \/>\n<meta property=\"og:description\" content=\"Uma hist\u00f3ria do Shorinji Kempo Apresentamos alguns epis\u00f3dios marcantes na hist\u00f3ria do Shorinji Kempo Nova t\u00e9cn [&hellip;]\" \/>\n<meta property=\"og:url\" content=\"https:\/\/www.shorinjikempo.or.jp\/pt\/history\" \/>\n<meta property=\"og:site_name\" content=\"Bem-vindo ao Shorinji Kempo - Portugues -\" \/>\n<meta property=\"article:modified_time\" content=\"2015-03-19T09:23:19+00:00\" \/>\n<meta name=\"twitter:label1\" content=\"\u63a8\u5b9a\u8aad\u307f\u53d6\u308a\u6642\u9593\" \/>\n\t<meta name=\"twitter:data1\" content=\"4\u5206\" \/>\n<script type=\"application\/ld+json\" class=\"yoast-schema-graph\">{\"@context\":\"https:\/\/schema.org\",\"@graph\":[{\"@type\":\"WebSite\",\"@id\":\"https:\/\/www.shorinjikempo.or.jp\/pt\/#website\",\"url\":\"https:\/\/www.shorinjikempo.or.jp\/pt\/\",\"name\":\"Bem-vindo ao Shorinji Kempo - Portugues -\",\"description\":\"\",\"potentialAction\":[{\"@type\":\"SearchAction\",\"target\":{\"@type\":\"EntryPoint\",\"urlTemplate\":\"https:\/\/www.shorinjikempo.or.jp\/pt\/?s={search_term_string}\"},\"query-input\":\"required name=search_term_string\"}],\"inLanguage\":\"ja\"},{\"@type\":\"WebPage\",\"@id\":\"https:\/\/www.shorinjikempo.or.jp\/pt\/history#webpage\",\"url\":\"https:\/\/www.shorinjikempo.or.jp\/pt\/history\",\"name\":\"Uma hist\u00f3ria do Shorinji Kempo - Bem-vindo ao Shorinji Kempo - Portugues -\",\"isPartOf\":{\"@id\":\"https:\/\/www.shorinjikempo.or.jp\/pt\/#website\"},\"datePublished\":\"2015-03-06T11:09:24+00:00\",\"dateModified\":\"2015-03-19T09:23:19+00:00\",\"breadcrumb\":{\"@id\":\"https:\/\/www.shorinjikempo.or.jp\/pt\/history#breadcrumb\"},\"inLanguage\":\"ja\",\"potentialAction\":[{\"@type\":\"ReadAction\",\"target\":[\"https:\/\/www.shorinjikempo.or.jp\/pt\/history\"]}]},{\"@type\":\"BreadcrumbList\",\"@id\":\"https:\/\/www.shorinjikempo.or.jp\/pt\/history#breadcrumb\",\"itemListElement\":[{\"@type\":\"ListItem\",\"position\":1,\"name\":\"\u30db\u30fc\u30e0\",\"item\":\"https:\/\/www.shorinjikempo.or.jp\/pt\"},{\"@type\":\"ListItem\",\"position\":2,\"name\":\"Uma hist\u00f3ria do Shorinji Kempo\"}]}]}<\/script>\n<!-- \/ Yoast SEO plugin. -->","yoast_head_json":{"title":"Uma hist\u00f3ria do Shorinji Kempo - Bem-vindo ao Shorinji Kempo - Portugues -","robots":{"index":"index","follow":"follow","max-snippet":"max-snippet:-1","max-image-preview":"max-image-preview:large","max-video-preview":"max-video-preview:-1"},"canonical":"https:\/\/www.shorinjikempo.or.jp\/pt\/history","og_locale":"ja_JP","og_type":"article","og_title":"Uma hist\u00f3ria do Shorinji Kempo - Bem-vindo ao Shorinji Kempo - Portugues -","og_description":"Uma hist\u00f3ria do Shorinji Kempo Apresentamos alguns epis\u00f3dios marcantes na hist\u00f3ria do Shorinji Kempo Nova t\u00e9cn [&hellip;]","og_url":"https:\/\/www.shorinjikempo.or.jp\/pt\/history","og_site_name":"Bem-vindo ao Shorinji Kempo - Portugues -","article_modified_time":"2015-03-19T09:23:19+00:00","twitter_misc":{"\u63a8\u5b9a\u8aad\u307f\u53d6\u308a\u6642\u9593":"4\u5206"},"schema":{"@context":"https:\/\/schema.org","@graph":[{"@type":"WebSite","@id":"https:\/\/www.shorinjikempo.or.jp\/pt\/#website","url":"https:\/\/www.shorinjikempo.or.jp\/pt\/","name":"Bem-vindo ao Shorinji Kempo - Portugues -","description":"","potentialAction":[{"@type":"SearchAction","target":{"@type":"EntryPoint","urlTemplate":"https:\/\/www.shorinjikempo.or.jp\/pt\/?s={search_term_string}"},"query-input":"required name=search_term_string"}],"inLanguage":"ja"},{"@type":"WebPage","@id":"https:\/\/www.shorinjikempo.or.jp\/pt\/history#webpage","url":"https:\/\/www.shorinjikempo.or.jp\/pt\/history","name":"Uma hist\u00f3ria do Shorinji Kempo - Bem-vindo ao Shorinji Kempo - Portugues -","isPartOf":{"@id":"https:\/\/www.shorinjikempo.or.jp\/pt\/#website"},"datePublished":"2015-03-06T11:09:24+00:00","dateModified":"2015-03-19T09:23:19+00:00","breadcrumb":{"@id":"https:\/\/www.shorinjikempo.or.jp\/pt\/history#breadcrumb"},"inLanguage":"ja","potentialAction":[{"@type":"ReadAction","target":["https:\/\/www.shorinjikempo.or.jp\/pt\/history"]}]},{"@type":"BreadcrumbList","@id":"https:\/\/www.shorinjikempo.or.jp\/pt\/history#breadcrumb","itemListElement":[{"@type":"ListItem","position":1,"name":"\u30db\u30fc\u30e0","item":"https:\/\/www.shorinjikempo.or.jp\/pt"},{"@type":"ListItem","position":2,"name":"Uma hist\u00f3ria do Shorinji Kempo"}]}]}},"_links":{"self":[{"href":"https:\/\/www.shorinjikempo.or.jp\/pt\/wp-json\/wp\/v2\/pages\/32"}],"collection":[{"href":"https:\/\/www.shorinjikempo.or.jp\/pt\/wp-json\/wp\/v2\/pages"}],"about":[{"href":"https:\/\/www.shorinjikempo.or.jp\/pt\/wp-json\/wp\/v2\/types\/page"}],"author":[{"embeddable":true,"href":"https:\/\/www.shorinjikempo.or.jp\/pt\/wp-json\/wp\/v2\/users\/4"}],"replies":[{"embeddable":true,"href":"https:\/\/www.shorinjikempo.or.jp\/pt\/wp-json\/wp\/v2\/comments?post=32"}],"version-history":[{"count":5,"href":"https:\/\/www.shorinjikempo.or.jp\/pt\/wp-json\/wp\/v2\/pages\/32\/revisions"}],"predecessor-version":[{"id":85,"href":"https:\/\/www.shorinjikempo.or.jp\/pt\/wp-json\/wp\/v2\/pages\/32\/revisions\/85"}],"wp:attachment":[{"href":"https:\/\/www.shorinjikempo.or.jp\/pt\/wp-json\/wp\/v2\/media?parent=32"}],"curies":[{"name":"wp","href":"https:\/\/api.w.org\/{rel}","templated":true}]}}