{"id":36,"date":"2015-03-06T11:18:35","date_gmt":"2015-03-06T11:18:35","guid":{"rendered":"http:\/\/shorinjikempo.or.jp\/pt\/?page_id=36"},"modified":"2015-03-26T10:19:19","modified_gmt":"2015-03-26T10:19:19","slug":"intellectual","status":"publish","type":"page","link":"https:\/\/www.shorinjikempo.or.jp\/pt\/intellectual","title":{"rendered":"A protec\u00e7\u00e3o da propriedade intelectual"},"content":{"rendered":"<h1 class=\"business_title fs18 min\"><span class=\"border_white\">A protec\u00e7\u00e3o da propriedade intelectual<\/span><\/h1>\n<div class=\"maT30\">\n<h2 id=\"p1\" class=\"fs18 min bold\">Quem \u00e9 o l\u00edder ?<\/h2>\n<div class=\"clearFix maT10\">\n<div class=\"grid_13 alpha fs14 entry\">\n<p>Para os l\u00edderes do Shorinji Kempo, as actividades da instru\u00e7\u00e3o n\u00e3o \u00e9 o meio de ganhar a vida cotidiana.<\/p>\n<p>As actividades da instru\u00e7\u00e3o s\u00e3o muito mais valiosas, do que conseguir os rendimentos para arranjar o meio de vida, pois as actividades oriundo de preciosos motivos, os l\u00edderes do todo mundo agem., <\/p>\n<p>Estes motivos podemos exprimir as v\u00e1rias maneiras, tais como; a finalidade da vida, a significa\u00e7\u00e3o da vida, aspira\u00e7\u00e3o, sonho, meta, etc., que todos s\u00e3o corretos. E depois, o que suscitou o esp\u00edrito dos l\u00edderes, \u00e9 justamente o ensinamento e t\u00e9cnico que deixou pelo o criador So Dosin.<\/p>\n<p>\u201cConsolidar em si mesmo\u201d o que exprimiu claramente pelo ensinamento do Shorinji Kempo, quem aspira \u201cl\u00edder\u201d tem que come\u00e7ar a prepara\u00e7\u00e3o da condi\u00e7\u00e3o da vida pr\u00f3pria incluindo o meido da vida cotidiana. <\/p>\n<p>E depois de muitos esfor\u00e7os e empenhos, o l\u00edder consegue os tempos que pode olhar aos outros, e com o exame da Matriz (Hombu) que avalia rigorosamente a personalidade, a lideran\u00e7a e os conhecimentos. Ap\u00f3s esta fase, o l\u00edder pode come\u00e7ar sua actividades praticas do Shorinji Kempo \u201ccoexist\u00eancia m\u00fatua\u201d. <\/p>\n<p>Os l\u00edderes actvos hoje em dia, os todos com o fundamento de seu objectivo de si pr\u00f3prio,aplicando as atividades di\u00e1rias de difus\u00e3o do Shorinji Kempo, com os rostos sorridente dos Kenshi, os membros da fam\u00edlia e dos amigos, ganhando a vida di\u00e1ria temperando dentro do drama cotidiana com os contactos de cora\u00e7\u00e3o a cora\u00e7\u00e3o.<\/p>\n<\/div>\n<div class=\"grid_4 omega\">\n<div class=\"alc\"><img src=\"\/en\/wp-content\/themes\/unity\/images\/abt_pht01.png\" alt=\"\u5c11\u6797\u5bfa\u62f3\u6cd5unity\" \/><\/div>\n<\/div>\n<\/div>\n<\/div>\n<div class=\"maT50\">\n<h2 id=\"p2\" class=\"fs18 min bold\">O que \u00e9 Filial ? (\u201cShibu\u201d)<\/h2>\n<div class=\"clearFix maT10\">\n<div class=\"grid_12 alpha fs14 entry\">\n<p>Indica o lugar onde ptractica os treinemneto do Shorinji Kempo. Apessoa respons\u00e1vel chama-se o Gerente ou \u201cShibucho\u201d, a quem somente pode exercer este cargo, ap\u00f3s quem concluiu e aprovado nos treinamento delegado pela WSKO. <\/p>\n<p>A mat\u00e9ria deste treinamento, destinado para aprender as t\u00e9cnicas necess\u00e1rias para defesa, entretanto conforme quem participa, as mat\u00e9rias ser\u00e3o orientadas de acordo com os obejtivos e as necessidades pessoais. <\/p>\n<p>Al\u00e9m dos ensinamentos b\u00e1sicos originais, tamb\u00e9m ser\u00e3o orientadas sem falta, as ci\u00eancias e palestra sobre como esclarecer meio de manter o esp\u00edrito e conceito dos valores <\/p>\n<p>As desesas de gest\u00e3o, ser\u00e3o custeadas as cotas dos s\u00f3cios(membros) e ser\u00e3o publicadas aos s\u00f3cios seu balan\u00e7o.<\/p>\n<\/div>\n<div class=\"grid_5 omega\"><\/div>\n<\/div>\n<\/div>\n<div class=\"maT50\">\n<h2 id=\"p3\" class=\"fs18 min bold\">O que \u00e9 a Federa\u00e7\u00e3o ?<\/h2>\n<div class=\"clearFix maT10\">\n<div class=\"grid_12 alpha fs14 entry\">\n<p>\u00c9 um grupo respons\u00e1vel de gerenciar todos os filiais que pertencem a Federa\u00e7\u00e3o. Come\u00e7ando a autoriza\u00e7\u00e3o(reconhecimento) do Conselho de Administra\u00e7\u00e3o da WSKO, e ser\u00e1 registrado como um membro (grupo dos mebros) oficial da WSKO<br \/>\nSua miss\u00e3o \u00e9 transpondo o limite dos filiais, tendo a miss\u00e3o da solidariedade e da coopera\u00e7\u00e3o, realizando os cursos,treinamento,e encontros (taikai) em cada pa\u00eds.<\/p>\n<\/div>\n<div class=\"grid_5 omega\"><\/div>\n<\/div>\n<\/div>\n<div class=\"maT50\">\n<h2 id=\"p4\" class=\"fs18 min bold\">Sobre o reconhecimento<\/h2>\n<div class=\"clearFix maT10\">\n<div class=\"grid_12 alpha fs14 entry\">\n<p>No come\u00e7o, Gerente de Filial, Filial e a Federa\u00e7\u00e3o, s\u00e3o autorizados pela WSKO, defendendo o n\u00edvel estabelecido, unindo para olhar de frente o progresso social.<\/p>\n<\/div>\n<div class=\"grid_5 omega\"><\/div>\n<\/div>\n<\/div>\n","protected":false},"excerpt":{"rendered":"<p>A protec\u00e7\u00e3o da propriedade intelectual Quem \u00e9 o l\u00edder ? Para os l\u00edderes do Shorinji Kempo, as actividades da i [&hellip;]<\/p>\n","protected":false},"author":4,"featured_media":0,"parent":0,"menu_order":0,"comment_status":"open","ping_status":"open","template":"","meta":[],"acf":[],"yoast_head":"<!-- This site is optimized with the Yoast SEO plugin v18.9 - https:\/\/yoast.com\/wordpress\/plugins\/seo\/ -->\n<title>A protec\u00e7\u00e3o da propriedade intelectual - Bem-vindo ao Shorinji Kempo - Portugues -<\/title>\n<meta name=\"robots\" content=\"index, follow, max-snippet:-1, max-image-preview:large, max-video-preview:-1\" \/>\n<link rel=\"canonical\" href=\"https:\/\/www.shorinjikempo.or.jp\/pt\/intellectual\" \/>\n<meta property=\"og:locale\" content=\"ja_JP\" \/>\n<meta property=\"og:type\" content=\"article\" \/>\n<meta property=\"og:title\" content=\"A protec\u00e7\u00e3o da propriedade intelectual - Bem-vindo ao Shorinji Kempo - Portugues -\" \/>\n<meta property=\"og:description\" content=\"A protec\u00e7\u00e3o da propriedade intelectual Quem \u00e9 o l\u00edder ? Para os l\u00edderes do Shorinji Kempo, as actividades da i [&hellip;]\" \/>\n<meta property=\"og:url\" content=\"https:\/\/www.shorinjikempo.or.jp\/pt\/intellectual\" \/>\n<meta property=\"og:site_name\" content=\"Bem-vindo ao Shorinji Kempo - Portugues -\" \/>\n<meta property=\"article:modified_time\" content=\"2015-03-26T10:19:19+00:00\" \/>\n<meta name=\"twitter:label1\" content=\"\u63a8\u5b9a\u8aad\u307f\u53d6\u308a\u6642\u9593\" \/>\n\t<meta name=\"twitter:data1\" content=\"3\u5206\" \/>\n<script type=\"application\/ld+json\" class=\"yoast-schema-graph\">{\"@context\":\"https:\/\/schema.org\",\"@graph\":[{\"@type\":\"WebSite\",\"@id\":\"https:\/\/www.shorinjikempo.or.jp\/pt\/#website\",\"url\":\"https:\/\/www.shorinjikempo.or.jp\/pt\/\",\"name\":\"Bem-vindo ao Shorinji Kempo - Portugues -\",\"description\":\"\",\"potentialAction\":[{\"@type\":\"SearchAction\",\"target\":{\"@type\":\"EntryPoint\",\"urlTemplate\":\"https:\/\/www.shorinjikempo.or.jp\/pt\/?s={search_term_string}\"},\"query-input\":\"required name=search_term_string\"}],\"inLanguage\":\"ja\"},{\"@type\":\"WebPage\",\"@id\":\"https:\/\/www.shorinjikempo.or.jp\/pt\/intellectual#webpage\",\"url\":\"https:\/\/www.shorinjikempo.or.jp\/pt\/intellectual\",\"name\":\"A protec\u00e7\u00e3o da propriedade intelectual - Bem-vindo ao Shorinji Kempo - Portugues -\",\"isPartOf\":{\"@id\":\"https:\/\/www.shorinjikempo.or.jp\/pt\/#website\"},\"datePublished\":\"2015-03-06T11:18:35+00:00\",\"dateModified\":\"2015-03-26T10:19:19+00:00\",\"breadcrumb\":{\"@id\":\"https:\/\/www.shorinjikempo.or.jp\/pt\/intellectual#breadcrumb\"},\"inLanguage\":\"ja\",\"potentialAction\":[{\"@type\":\"ReadAction\",\"target\":[\"https:\/\/www.shorinjikempo.or.jp\/pt\/intellectual\"]}]},{\"@type\":\"BreadcrumbList\",\"@id\":\"https:\/\/www.shorinjikempo.or.jp\/pt\/intellectual#breadcrumb\",\"itemListElement\":[{\"@type\":\"ListItem\",\"position\":1,\"name\":\"\u30db\u30fc\u30e0\",\"item\":\"https:\/\/www.shorinjikempo.or.jp\/pt\"},{\"@type\":\"ListItem\",\"position\":2,\"name\":\"A protec\u00e7\u00e3o da propriedade intelectual\"}]}]}<\/script>\n<!-- \/ Yoast SEO plugin. -->","yoast_head_json":{"title":"A protec\u00e7\u00e3o da propriedade intelectual - Bem-vindo ao Shorinji Kempo - Portugues -","robots":{"index":"index","follow":"follow","max-snippet":"max-snippet:-1","max-image-preview":"max-image-preview:large","max-video-preview":"max-video-preview:-1"},"canonical":"https:\/\/www.shorinjikempo.or.jp\/pt\/intellectual","og_locale":"ja_JP","og_type":"article","og_title":"A protec\u00e7\u00e3o da propriedade intelectual - Bem-vindo ao Shorinji Kempo - Portugues -","og_description":"A protec\u00e7\u00e3o da propriedade intelectual Quem \u00e9 o l\u00edder ? Para os l\u00edderes do Shorinji Kempo, as actividades da i [&hellip;]","og_url":"https:\/\/www.shorinjikempo.or.jp\/pt\/intellectual","og_site_name":"Bem-vindo ao Shorinji Kempo - Portugues -","article_modified_time":"2015-03-26T10:19:19+00:00","twitter_misc":{"\u63a8\u5b9a\u8aad\u307f\u53d6\u308a\u6642\u9593":"3\u5206"},"schema":{"@context":"https:\/\/schema.org","@graph":[{"@type":"WebSite","@id":"https:\/\/www.shorinjikempo.or.jp\/pt\/#website","url":"https:\/\/www.shorinjikempo.or.jp\/pt\/","name":"Bem-vindo ao Shorinji Kempo - Portugues -","description":"","potentialAction":[{"@type":"SearchAction","target":{"@type":"EntryPoint","urlTemplate":"https:\/\/www.shorinjikempo.or.jp\/pt\/?s={search_term_string}"},"query-input":"required name=search_term_string"}],"inLanguage":"ja"},{"@type":"WebPage","@id":"https:\/\/www.shorinjikempo.or.jp\/pt\/intellectual#webpage","url":"https:\/\/www.shorinjikempo.or.jp\/pt\/intellectual","name":"A protec\u00e7\u00e3o da propriedade intelectual - Bem-vindo ao Shorinji Kempo - Portugues -","isPartOf":{"@id":"https:\/\/www.shorinjikempo.or.jp\/pt\/#website"},"datePublished":"2015-03-06T11:18:35+00:00","dateModified":"2015-03-26T10:19:19+00:00","breadcrumb":{"@id":"https:\/\/www.shorinjikempo.or.jp\/pt\/intellectual#breadcrumb"},"inLanguage":"ja","potentialAction":[{"@type":"ReadAction","target":["https:\/\/www.shorinjikempo.or.jp\/pt\/intellectual"]}]},{"@type":"BreadcrumbList","@id":"https:\/\/www.shorinjikempo.or.jp\/pt\/intellectual#breadcrumb","itemListElement":[{"@type":"ListItem","position":1,"name":"\u30db\u30fc\u30e0","item":"https:\/\/www.shorinjikempo.or.jp\/pt"},{"@type":"ListItem","position":2,"name":"A protec\u00e7\u00e3o da propriedade intelectual"}]}]}},"_links":{"self":[{"href":"https:\/\/www.shorinjikempo.or.jp\/pt\/wp-json\/wp\/v2\/pages\/36"}],"collection":[{"href":"https:\/\/www.shorinjikempo.or.jp\/pt\/wp-json\/wp\/v2\/pages"}],"about":[{"href":"https:\/\/www.shorinjikempo.or.jp\/pt\/wp-json\/wp\/v2\/types\/page"}],"author":[{"embeddable":true,"href":"https:\/\/www.shorinjikempo.or.jp\/pt\/wp-json\/wp\/v2\/users\/4"}],"replies":[{"embeddable":true,"href":"https:\/\/www.shorinjikempo.or.jp\/pt\/wp-json\/wp\/v2\/comments?post=36"}],"version-history":[{"count":7,"href":"https:\/\/www.shorinjikempo.or.jp\/pt\/wp-json\/wp\/v2\/pages\/36\/revisions"}],"predecessor-version":[{"id":143,"href":"https:\/\/www.shorinjikempo.or.jp\/pt\/wp-json\/wp\/v2\/pages\/36\/revisions\/143"}],"wp:attachment":[{"href":"https:\/\/www.shorinjikempo.or.jp\/pt\/wp-json\/wp\/v2\/media?parent=36"}],"curies":[{"name":"wp","href":"https:\/\/api.w.org\/{rel}","templated":true}]}}